{"id":825,"date":"2026-02-03T21:48:59","date_gmt":"2026-02-03T21:48:59","guid":{"rendered":"https:\/\/cbpa.cl\/?page_id=825"},"modified":"2026-02-03T21:49:00","modified_gmt":"2026-02-03T21:49:00","slug":"centro-tecnico-y-logistico","status":"publish","type":"page","link":"https:\/\/cbpa.cl\/index.php\/centro-tecnico-y-logistico\/","title":{"rendered":"Centro T\u00e9cnico y Log\u00edstico"},"content":{"rendered":"\n<div class=\"alignwide mzb-section mzb-section-23a0c6d0 alignwide\"><div class=\"mzb-container\"><div class=\"mzb-section-inner is-horizontal justify-center align-center\">\n<div class=\"mzb-column mzb-column-bed66ee2\"><div class=\"mzb-column-inner\">\n<figure class=\"mzb-image mzb-image-555bfdb0\"><img loading=\"lazy\" decoding=\"async\" width=\"720\" height=\"531\" class=\"wp-image-1022 hover-effect-static filter-none mask mask-none\" src=\"https:\/\/cbpa.cl\/wordpress\/wp-content\/uploads\/2026\/02\/ICONOS_CBPA-2-1.png\" alt=\"\" srcset=\"https:\/\/cbpa.cl\/wordpress\/wp-content\/uploads\/2026\/02\/ICONOS_CBPA-2-1.png 720w, https:\/\/cbpa.cl\/wordpress\/wp-content\/uploads\/2026\/02\/ICONOS_CBPA-2-1-300x221.png 300w\" sizes=\"auto, (max-width: 720px) 100vw, 720px\" \/><figcaption><em>Dependencias del Centro T\u00e9cnico.<\/em><\/figcaption><\/figure>\n\n\n\n<figure class=\"mzb-image mzb-image-f070afb3\"><img loading=\"lazy\" decoding=\"async\" width=\"1007\" height=\"735\" class=\"wp-image-1028 hover-effect-static filter-none mask mask-none\" src=\"https:\/\/cbpa.cl\/wordpress\/wp-content\/uploads\/2026\/02\/TALLER-7.jpg\" alt=\"\" srcset=\"https:\/\/cbpa.cl\/wordpress\/wp-content\/uploads\/2026\/02\/TALLER-7.jpg 1007w, https:\/\/cbpa.cl\/wordpress\/wp-content\/uploads\/2026\/02\/TALLER-7-300x219.jpg 300w, https:\/\/cbpa.cl\/wordpress\/wp-content\/uploads\/2026\/02\/TALLER-7-768x561.jpg 768w\" sizes=\"auto, (max-width: 1007px) 100vw, 1007px\" \/><figcaption><em>Reparaci\u00f3n de carro Q7.<\/em><\/figcaption><\/figure>\n<\/div><\/div>\n\n\n\n<div class=\"mzb-column mzb-column-7189d4d1\"><div class=\"mzb-column-inner\">\n<p class=\"mzb-paragraph mzb-paragraph-b08332fd\"> El <strong>Centro T\u00e9cnico y Log\u00edstico \u201cInspector Jes\u00fas Hannus Vigar\u201d<\/strong>, inaugurado el 13 de diciembre de 2023 y ubicado en calle Nemesio Vicu\u00f1a N\u00b0275, Puente Alto, cumple un rol estrat\u00e9gico en la gesti\u00f3n log\u00edstica y operativa del Cuerpo de Bomberos. Durante el a\u00f1o 2025, el personal t\u00e9cnico, bajo la coordinaci\u00f3n del Sr. Manuel Molines, ha fortalecido los procesos de mantenci\u00f3n preventiva y correctiva del Material Mayor, optimizando la disponibilidad operativa de la flota institucional. <br>La implementaci\u00f3n de este taller ha permitido reducir costos asociados al mantenimiento externo y disminuir los tiempos de fuera de servicio, incrementando la capacidad interna de reparaci\u00f3n de <strong>38 m\u00e1quinas<\/strong>. En el per\u00edodo se registraron aproximadamente <strong>135 servicios de reparaci\u00f3n<\/strong>, incluyendo intervenciones de apoyo t\u00e9cnico a Cuerpos de Bomberos vecinos, consolidando al centro como una unidad de soporte t\u00e9cnico especializada.<\/p>\n<\/div><\/div>\n\n\n\n<div class=\"mzb-column mzb-column-ee9ff458\"><div class=\"mzb-column-inner\">\n<figure class=\"mzb-image mzb-image-0412dd62\"><img loading=\"lazy\" decoding=\"async\" width=\"721\" height=\"526\" class=\"wp-image-1024 hover-effect-static filter-none mask mask-none\" src=\"https:\/\/cbpa.cl\/wordpress\/wp-content\/uploads\/2026\/02\/ICONOS_CBPA-3-1.png\" alt=\"\" srcset=\"https:\/\/cbpa.cl\/wordpress\/wp-content\/uploads\/2026\/02\/ICONOS_CBPA-3-1.png 721w, https:\/\/cbpa.cl\/wordpress\/wp-content\/uploads\/2026\/02\/ICONOS_CBPA-3-1-300x219.png 300w\" sizes=\"auto, (max-width: 721px) 100vw, 721px\" \/><figcaption><em>Reparaci\u00f3n de pintura carro RB1<\/em>.<\/figcaption><\/figure>\n\n\n\n<figure class=\"mzb-image mzb-image-cf96c172\"><img loading=\"lazy\" decoding=\"async\" width=\"985\" height=\"727\" class=\"wp-image-1029 hover-effect-static filter-none mask mask-none\" src=\"https:\/\/cbpa.cl\/wordpress\/wp-content\/uploads\/2026\/02\/TALLER-S1.jpg\" alt=\"\" srcset=\"https:\/\/cbpa.cl\/wordpress\/wp-content\/uploads\/2026\/02\/TALLER-S1.jpg 985w, https:\/\/cbpa.cl\/wordpress\/wp-content\/uploads\/2026\/02\/TALLER-S1-300x221.jpg 300w, https:\/\/cbpa.cl\/wordpress\/wp-content\/uploads\/2026\/02\/TALLER-S1-768x567.jpg 768w\" sizes=\"auto, (max-width: 985px) 100vw, 985px\" \/><figcaption><em>Mantenci\u00f3n preventiva de carro S1<\/em>.<\/figcaption><\/figure>\n<\/div><\/div>\n<\/div><\/div><\/div>\n\n\n\n<p><\/p>\n","protected":false},"excerpt":{"rendered":"","protected":false},"author":1,"featured_media":0,"parent":0,"menu_order":0,"comment_status":"closed","ping_status":"closed","template":"","meta":{"footnotes":""},"class_list":["post-825","page","type-page","status-publish","hentry"],"magazineBlocksPostFeaturedMedia":{"thumbnail":false,"medium":false,"medium_large":false,"large":false,"1536x1536":false,"2048x2048":false},"magazineBlocksPostAuthor":{"name":"admin","avatar":"https:\/\/secure.gravatar.com\/avatar\/9655eddb6294cf7a6bcf0c63fbf1e0804e660cb95bbb849bcc096ef32fe0d87b?s=96&d=mm&r=g"},"magazineBlocksPostCommentsNumber":false,"magazineBlocksPostExcerpt":"","magazineBlocksPostCategories":[],"magazineBlocksPostViewCount":0,"magazineBlocksPostReadTime":1,"_links":{"self":[{"href":"https:\/\/cbpa.cl\/index.php\/wp-json\/wp\/v2\/pages\/825","targetHints":{"allow":["GET"]}}],"collection":[{"href":"https:\/\/cbpa.cl\/index.php\/wp-json\/wp\/v2\/pages"}],"about":[{"href":"https:\/\/cbpa.cl\/index.php\/wp-json\/wp\/v2\/types\/page"}],"author":[{"embeddable":true,"href":"https:\/\/cbpa.cl\/index.php\/wp-json\/wp\/v2\/users\/1"}],"replies":[{"embeddable":true,"href":"https:\/\/cbpa.cl\/index.php\/wp-json\/wp\/v2\/comments?post=825"}],"version-history":[{"count":0,"href":"https:\/\/cbpa.cl\/index.php\/wp-json\/wp\/v2\/pages\/825\/revisions"}],"wp:attachment":[{"href":"https:\/\/cbpa.cl\/index.php\/wp-json\/wp\/v2\/media?parent=825"}],"curies":[{"name":"wp","href":"https:\/\/api.w.org\/{rel}","templated":true}]}}