{"id":741,"date":"2026-03-06T13:39:15","date_gmt":"2026-03-06T13:39:15","guid":{"rendered":"https:\/\/cbpa.cl\/?page_id=741"},"modified":"2026-04-05T14:50:58","modified_gmt":"2026-04-05T14:50:58","slug":"quinta-compania","status":"publish","type":"page","link":"https:\/\/cbpa.cl\/index.php\/quinta-compania\/","title":{"rendered":"Quinta Compa\u00f1\u00eda"},"content":{"rendered":"\n<figure class=\"mzb-image mzb-image-a9d33def\"><img loading=\"lazy\" decoding=\"async\" class=\"wp-image-1400 hover-effect-static filter-none mask mask-none\" src=\"https:\/\/cbpa.cl\/wordpress\/wp-content\/uploads\/2026\/03\/INSIGNIA5.png\" alt=\"\" height=\"300\" width=\"300\" srcset=\"https:\/\/cbpa.cl\/wordpress\/wp-content\/uploads\/2026\/03\/INSIGNIA5.png 300w, https:\/\/cbpa.cl\/wordpress\/wp-content\/uploads\/2026\/03\/INSIGNIA5-150x150.png 150w\" sizes=\"auto, (max-width: 300px) 100vw, 300px\" \/><\/figure>\n\n\n\n<div class=\"alignwide mzb-section mzb-section-c3cffc49 alignwide\"><div class=\"mzb-container\"><div class=\"mzb-section-inner is-horizontal justify-center align-center\">\n<div class=\"mzb-column mzb-column-234eb817\"><div class=\"mzb-column-inner\">\n<div class=\"mzb-section mzb-section-d545ad2e\"><div class=\"mzb-container\"><div class=\"mzb-section-inner is-horizontal justify-center align-center\">\n<div class=\"mzb-column mzb-column-515d9548\"><div class=\"mzb-column-inner\">\n<p class=\"mzb-paragraph mzb-paragraph-8c6c7f30\"><strong>Nuestra Historia<\/strong><br><br>En 1986, cuando era alcalde de Pirque don Sergio Santander F. toma contacto con los miembros del Cuerpo de Bomberos Puente Alto para formar la Quinta Compa\u00f1\u00eda en Pirque y as\u00ed poder atender las necesidades de la comunidad pircana.<br>\u00a0<br>En el andar de las gestiones, los Bomberos pircanos se instalaron en el terreno dado en comodato por la familia Ossandon, espec\u00edficamente don Roberto Ossandon, este comodato es entregado a la Ilustre Municipalidad de Pirque para el exclusivo uso de bomberos, y en \u00e9l se construye el cuartel de la Quinta Compa\u00f1\u00eda que en un principio era un simple galp\u00f3n donde se albergaba el primer carro que prest\u00f3 servicio en la comuna, un Citroen AK-6, 1973 de color rojo llamado \u201c<strong>La chispita<\/strong>\u201d, junto a este exist\u00edan estructuras aleda\u00f1as que se utilizaron como parte de las instalaciones; si bien no estaban dentro del terreno del comodato y es as\u00ed como un 19 de abril de 1986 se funda por primera vez la Quinta Compa\u00f1\u00eda. Con el tiempo este galp\u00f3n es reemplazado por uno de mejor calidad y completamente cerrado, el galp\u00f3n antiguo es trasladado a la escuela de San Juan de Pirque, el nuevo galp\u00f3n trae consigo un nuevo desaf\u00edo y los Voluntarios de la compa\u00f1\u00eda comienzan a edificar parte del cuartel que hoy vemos construido.<\/p>\n\n\n\n<figure class=\"mzb-image mzb-image-132f2b04\"><img loading=\"lazy\" decoding=\"async\" class=\"wp-image-1228 hover-effect-static filter-none mask mask-none\" src=\"https:\/\/cbpa.cl\/wordpress\/wp-content\/uploads\/2026\/03\/CHISPITA.jpg\" alt=\"\" height=\"1800\" width=\"2500\" srcset=\"https:\/\/cbpa.cl\/wordpress\/wp-content\/uploads\/2026\/03\/CHISPITA.jpg 2500w, https:\/\/cbpa.cl\/wordpress\/wp-content\/uploads\/2026\/03\/CHISPITA-300x216.jpg 300w, https:\/\/cbpa.cl\/wordpress\/wp-content\/uploads\/2026\/03\/CHISPITA-1024x737.jpg 1024w, https:\/\/cbpa.cl\/wordpress\/wp-content\/uploads\/2026\/03\/CHISPITA-768x553.jpg 768w, https:\/\/cbpa.cl\/wordpress\/wp-content\/uploads\/2026\/03\/CHISPITA-1536x1106.jpg 1536w, https:\/\/cbpa.cl\/wordpress\/wp-content\/uploads\/2026\/03\/CHISPITA-2048x1475.jpg 2048w\" sizes=\"auto, (max-width: 2500px) 100vw, 2500px\" \/><\/figure>\n\n\n\n<p class=\"mzb-paragraph mzb-paragraph-cde3c47d\">Despu\u00e9s de un par de a\u00f1os, la creaci\u00f3n de la Quinta Compa\u00f1\u00eda pierde fuerza y Puente Alto abandona la idea de esta compa\u00f1\u00eda quedando sus instalaciones abandonadas en donde un solo voluntario , Voluntario Honorario don \u00c1ngel Agust\u00edn Romero Gallardo, es el que se preocupa por las instalaciones.\u00a0<br><br>En 1995, un grupo de funcionarios municipales y vecinos de Pirque, se vieron en la tarea de dar realidad y en forma ya definida la Formaci\u00f3n de la Compa\u00f1\u00eda como tal; dentro de los cuales se pueden nombrar a los Sres. Samuel P\u00e9rez San Mart\u00edn, Alejandro Puente Espil, N\u00e9stor Rojas, Roberto S\u00e1nchez Bascu\u00f1an, Mauricio Rubio Rojas, \u00c1ngel Romero Gallardo, Fernando Puente Espil, Sergio Mu\u00f1oz Pezoa, Ram\u00f3n V\u00e1squez Acevedo y Hugo Ronny Guti\u00e9rrez Maluenda, entre otros.<\/p>\n\n\n\n<figure class=\"mzb-image mzb-image-19fcb002\"><img loading=\"lazy\" decoding=\"async\" class=\"wp-image-1231 hover-effect-static filter-none mask mask-none\" src=\"https:\/\/cbpa.cl\/wordpress\/wp-content\/uploads\/2026\/03\/Ford-quinta.jpg\" alt=\"\" height=\"635\" width=\"919\" srcset=\"https:\/\/cbpa.cl\/wordpress\/wp-content\/uploads\/2026\/03\/Ford-quinta.jpg 919w, https:\/\/cbpa.cl\/wordpress\/wp-content\/uploads\/2026\/03\/Ford-quinta-300x207.jpg 300w, https:\/\/cbpa.cl\/wordpress\/wp-content\/uploads\/2026\/03\/Ford-quinta-768x531.jpg 768w\" sizes=\"auto, (max-width: 919px) 100vw, 919px\" \/><\/figure>\n\n\n\n<p class=\"mzb-paragraph mzb-paragraph-757921a6\">Durante la alcald\u00eda de don Jos\u00e9 Manuel Ossandon, se retoman las gestiones con Puente Alto para re-abrir esta compa\u00f1\u00eda, esta vez con el nombre \u201cBrigada de emergencias BOMBA PIRQUE\u201d, las negociaciones son fruct\u00edferas y el Cuerpo de Bomberos Puente Alto se compromete a realizar la capacitaci\u00f3n para habilitar a un n\u00famero no menor a 25 voluntarios que deben aprobar y cumplir con las condiciones para formar una compa\u00f1\u00eda, es en esta etapa donde retoma fuerza y nace la Bomba Pirque.<br><br>Despu\u00e9s de varios a\u00f1os de capacitaci\u00f3n, sacrificio, empe\u00f1o y mucha paciencia, per\u00edodo durante el cual algunos quedaron en el camino, como otros se agregaron a la tarea, en el a\u00f1o 2000 se entra en tierra derecha con el Cuerpo de Bomberos Puente Alto quien otorga la capacitaci\u00f3n y apoyo para que al fin el d\u00eda 24 de enero del a\u00f1o 2001 se fundara Oficialmente la QUINTA COMPA\u00d1\u00cdA DEL CUERPO DE BOMBEROS PUENTE ALTO \u2013 PIRQUE quien presta los servicios para el Cuerpo en cuesti\u00f3n y especialmente para la ciudadan\u00eda Pircana que al fin pudo ver cumplidos sus deseos de contar con una Compa\u00f1\u00eda propia en la Comuna, que se funda bajo el lema \u201cServir es un Privilegio\u201d.<br><br>Es as\u00ed como a\u00f1o tras a\u00f1o, nuestra compa\u00f1\u00eda ha pasado por varios cambios, nuestra historia cuenta con a\u00f1os de intervenci\u00f3n, donde solo cuatro de nuestros fundadores persistieron en sus labores, tambi\u00e9n debemos mencionar que poco a poco fuimos levantando este sue\u00f1o, se comenz\u00f3 a ganar voluntariado en nuestras filas y con esto, se comienza a pasar la antorcha que hoy sigue iluminando el camino de Quintinas y Quintinos que cada a\u00f1o se integran a nuestra fila.\u00a0<\/p>\n\n\n\n<figure class=\"mzb-image mzb-image-94aebaf3\"><img loading=\"lazy\" decoding=\"async\" class=\"wp-image-1230 hover-effect-static filter-none mask mask-none\" src=\"https:\/\/cbpa.cl\/wordpress\/wp-content\/uploads\/2026\/03\/fotos-668.jpg\" alt=\"\" height=\"720\" width=\"1080\" srcset=\"https:\/\/cbpa.cl\/wordpress\/wp-content\/uploads\/2026\/03\/fotos-668.jpg 1080w, https:\/\/cbpa.cl\/wordpress\/wp-content\/uploads\/2026\/03\/fotos-668-300x200.jpg 300w, https:\/\/cbpa.cl\/wordpress\/wp-content\/uploads\/2026\/03\/fotos-668-1024x683.jpg 1024w, https:\/\/cbpa.cl\/wordpress\/wp-content\/uploads\/2026\/03\/fotos-668-768x512.jpg 768w\" sizes=\"auto, (max-width: 1080px) 100vw, 1080px\" \/><\/figure>\n\n\n\n<p class=\"mzb-paragraph mzb-paragraph-54c496f2\">El a\u00f1o 2012, jurar\u00eda quien seria la primera voluntaria que integrar\u00eda la lista de la Bomba Pirque y abrir\u00eda el camino que hoy contin\u00faan las 15 voluntarias que fortalecen nuestra unidad.\u00a0<br><br>En estos \u00faltimos 10 a\u00f1os, nuestra compa\u00f1\u00eda ha estado presente en la oficialidad General que ha regido los destinos de nuestro Cuerpo de Bomberos, tanto en la Comandancia desempe\u00f1\u00e1ndose en cargos de Tercer Comandante, Segundo Comandante y Comandante, como en la Superintendencia, en cargos de Vicesuperintendencia e Intendencia General.\u00a0<br><br>Este a\u00f1o cumplimos nuestro quinto Quinquenio, 25 a\u00f1os en donde se ha vivido de todo, La Quinta se ha forjado bajo la disciplina y ha aprendido de sus ca\u00eddas, porque entendemos que nos debemos al servicio y que el servicio no nos debe nada, cada integrante sabe que esta portando el cinco en su frente, una estrella que lo ilumina y lo gu\u00eda por el camino del bien.<\/p>\n<\/div><\/div>\n<\/div><\/div><\/div>\n<\/div><\/div>\n<\/div><\/div><\/div>\n\n\n\n<div class=\"alignwide mzb-section mzb-section-8672de95 alignwide\"><div class=\"mzb-container\"><div class=\"mzb-section-inner is-horizontal justify-center align-center\">\n<div class=\"mzb-column mzb-column-ed0da032\"><div class=\"mzb-column-inner\">\n<div class=\"wp-block-buttons is-content-justification-center is-layout-flex wp-container-core-buttons-is-layout-a89b3969 wp-block-buttons-is-layout-flex\">\n<div class=\"wp-block-button\"><a class=\"wp-block-button__link wp-element-button\" href=\"https:\/\/cbpa.cl\/index.php\/cuarta-compania\/\">Cuarta Compa\u00f1\u00eda<\/a><\/div>\n\n\n\n<div class=\"wp-block-button\"><a class=\"wp-block-button__link wp-element-button\">Siguiente<\/a><\/div>\n<\/div>\n<\/div><\/div>\n<\/div><\/div><\/div>\n\n\n\n<p><\/p>\n","protected":false},"excerpt":{"rendered":"","protected":false},"author":1,"featured_media":0,"parent":0,"menu_order":0,"comment_status":"closed","ping_status":"closed","template":"","meta":{"footnotes":""},"class_list":["post-741","page","type-page","status-publish","hentry"],"magazineBlocksPostFeaturedMedia":{"thumbnail":false,"medium":false,"medium_large":false,"large":false,"1536x1536":false,"2048x2048":false},"magazineBlocksPostAuthor":{"name":"admin","avatar":"https:\/\/secure.gravatar.com\/avatar\/9655eddb6294cf7a6bcf0c63fbf1e0804e660cb95bbb849bcc096ef32fe0d87b?s=96&d=mm&r=g"},"magazineBlocksPostCommentsNumber":false,"magazineBlocksPostExcerpt":"","magazineBlocksPostCategories":[],"magazineBlocksPostViewCount":0,"magazineBlocksPostReadTime":5,"_links":{"self":[{"href":"https:\/\/cbpa.cl\/index.php\/wp-json\/wp\/v2\/pages\/741","targetHints":{"allow":["GET"]}}],"collection":[{"href":"https:\/\/cbpa.cl\/index.php\/wp-json\/wp\/v2\/pages"}],"about":[{"href":"https:\/\/cbpa.cl\/index.php\/wp-json\/wp\/v2\/types\/page"}],"author":[{"embeddable":true,"href":"https:\/\/cbpa.cl\/index.php\/wp-json\/wp\/v2\/users\/1"}],"replies":[{"embeddable":true,"href":"https:\/\/cbpa.cl\/index.php\/wp-json\/wp\/v2\/comments?post=741"}],"version-history":[{"count":0,"href":"https:\/\/cbpa.cl\/index.php\/wp-json\/wp\/v2\/pages\/741\/revisions"}],"wp:attachment":[{"href":"https:\/\/cbpa.cl\/index.php\/wp-json\/wp\/v2\/media?parent=741"}],"curies":[{"name":"wp","href":"https:\/\/api.w.org\/{rel}","templated":true}]}}