{"id":707,"date":"2026-02-05T17:07:12","date_gmt":"2026-02-05T17:07:12","guid":{"rendered":"https:\/\/cbpa.cl\/?page_id=707"},"modified":"2026-02-05T17:43:30","modified_gmt":"2026-02-05T17:43:30","slug":"tercer-comandante-2","status":"publish","type":"page","link":"https:\/\/cbpa.cl\/index.php\/tercer-comandante-2\/","title":{"rendered":"Tercer Comandante"},"content":{"rendered":"\n<div class=\"alignwide mzb-section mzb-section-59d191f0 alignwide\"><div class=\"mzb-container\"><div class=\"mzb-section-inner is-horizontal justify-center align-top\">\n<div class=\"mzb-column mzb-column-0d4fc68d\"><div class=\"mzb-column-inner\">\n<p class=\"mzb-paragraph mzb-paragraph-2474a4c8\">El voluntario Activo Sr. Oscar Valdivia Sandoval ingres\u00f3 al Cuerpo de Bomberos en septiembre de 2012, siendo uno de los fundadores de D\u00e9cima Compa\u00f1\u00eda. Ha desempe\u00f1ado los cargos de Comandante Tercero, Capit\u00e1n, Teniente Primero, Teniente Segundo, Teniente Tercero, Maquinista, Intendente, Inspector General de Material Mayor y actualmente es  el Tercer Comandante de la instituci\u00f3n.<br><\/p>\n<\/div><\/div>\n\n\n\n<div class=\"mzb-column mzb-column-dc329105\"><div class=\"mzb-column-inner\">\n<figure class=\"mzb-image mzb-image-4619a975\"><img loading=\"lazy\" decoding=\"async\" class=\"wp-image-334 hover-effect-static filter-none mask mask-none\" src=\"https:\/\/cbpa.cl\/wordpress\/wp-content\/uploads\/2025\/11\/3er-comandante-1.png\" alt=\"\" height=\"448\" width=\"288\" srcset=\"https:\/\/cbpa.cl\/wordpress\/wp-content\/uploads\/2025\/11\/3er-comandante-1.png 288w, https:\/\/cbpa.cl\/wordpress\/wp-content\/uploads\/2025\/11\/3er-comandante-1-193x300.png 193w\" sizes=\"auto, (max-width: 288px) 100vw, 288px\" \/><figcaption><em>Tercer Comandante Oscar Valdivia<\/em><\/figcaption><\/figure>\n<\/div><\/div>\n<\/div><\/div><\/div>\n\n\n\n<div class=\"alignwide mzb-section mzb-section-38246608 alignwide\"><div class=\"mzb-container\"><div class=\"mzb-section-inner is-horizontal justify-center align-center\">\n<div class=\"mzb-column mzb-column-c9652e3d\"><div class=\"mzb-column-inner\">\n<div class=\"wp-block-buttons is-content-justification-center is-layout-flex wp-container-core-buttons-is-layout-a89b3969 wp-block-buttons-is-layout-flex\">\n<div class=\"wp-block-button\"><a class=\"wp-block-button__link wp-element-button\" href=\"https:\/\/cbpa.cl\/index.php\/comandancia\/\">Comandancia<\/a><\/div>\n\n\n\n<div class=\"wp-block-button\"><a class=\"wp-block-button__link wp-element-button\" href=\"https:\/\/cbpa.cl\/index.php\/segundo-comandante\/\">Segundo Comandante<\/a><\/div>\n\n\n\n<div class=\"wp-block-button\"><a class=\"wp-block-button__link wp-element-button\" href=\"https:\/\/cbpa.cl\/index.php\/inspectores-generales\/\">Inspectores Generales<\/a><\/div>\n\n\n\n<div class=\"wp-block-button\"><a class=\"wp-block-button__link wp-element-button\" href=\"https:\/\/cbpa.cl\/index.php\/ayudantes-generales\/\">Ayudantes Generales<\/a><\/div>\n<\/div>\n<\/div><\/div>\n<\/div><\/div><\/div>\n\n\n\n<p><\/p>\n","protected":false},"excerpt":{"rendered":"","protected":false},"author":1,"featured_media":0,"parent":0,"menu_order":0,"comment_status":"closed","ping_status":"closed","template":"","meta":{"footnotes":""},"class_list":["post-707","page","type-page","status-publish","hentry"],"magazineBlocksPostFeaturedMedia":{"thumbnail":false,"medium":false,"medium_large":false,"large":false,"1536x1536":false,"2048x2048":false},"magazineBlocksPostAuthor":{"name":"admin","avatar":"https:\/\/secure.gravatar.com\/avatar\/9655eddb6294cf7a6bcf0c63fbf1e0804e660cb95bbb849bcc096ef32fe0d87b?s=96&d=mm&r=g"},"magazineBlocksPostCommentsNumber":false,"magazineBlocksPostExcerpt":"","magazineBlocksPostCategories":[],"magazineBlocksPostViewCount":0,"magazineBlocksPostReadTime":1,"_links":{"self":[{"href":"https:\/\/cbpa.cl\/index.php\/wp-json\/wp\/v2\/pages\/707","targetHints":{"allow":["GET"]}}],"collection":[{"href":"https:\/\/cbpa.cl\/index.php\/wp-json\/wp\/v2\/pages"}],"about":[{"href":"https:\/\/cbpa.cl\/index.php\/wp-json\/wp\/v2\/types\/page"}],"author":[{"embeddable":true,"href":"https:\/\/cbpa.cl\/index.php\/wp-json\/wp\/v2\/users\/1"}],"replies":[{"embeddable":true,"href":"https:\/\/cbpa.cl\/index.php\/wp-json\/wp\/v2\/comments?post=707"}],"version-history":[{"count":0,"href":"https:\/\/cbpa.cl\/index.php\/wp-json\/wp\/v2\/pages\/707\/revisions"}],"wp:attachment":[{"href":"https:\/\/cbpa.cl\/index.php\/wp-json\/wp\/v2\/media?parent=707"}],"curies":[{"name":"wp","href":"https:\/\/api.w.org\/{rel}","templated":true}]}}