{"id":703,"date":"2026-02-05T17:04:17","date_gmt":"2026-02-05T17:04:17","guid":{"rendered":"https:\/\/cbpa.cl\/?page_id=703"},"modified":"2026-02-05T17:44:16","modified_gmt":"2026-02-05T17:44:16","slug":"segundo-comandante","status":"publish","type":"page","link":"https:\/\/cbpa.cl\/index.php\/segundo-comandante\/","title":{"rendered":"Segundo Comandante"},"content":{"rendered":"\n<div class=\"alignwide mzb-section mzb-section-b159bf86 alignwide\"><div class=\"mzb-container\"><div class=\"mzb-section-inner is-horizontal justify-center align-top\">\n<div class=\"mzb-column mzb-column-d86761f5\"><div class=\"mzb-column-inner\">\n<p class=\"mzb-paragraph mzb-paragraph-81ba12c2\">El Voluntario Activo de S\u00e9ptima Compa\u00f1\u00eda, Sr. Camilo Benavides Rojas ingres\u00f3 al Cuerpo de Bomberos el 23 de mayo de 2008, siendo actualmente Voluntario y Fundador de S\u00e9ptima Compa\u00f1\u00eda. Ha desempe\u00f1ado los cargos de Tercer Comandante, Capit\u00e1n, Teniente Primero, Teniente Segundo, Teniente Tercero, Secretario, Ayudante, Consejero de Administraci\u00f3n, Consejero de Disciplina e Inspector de Comandancia, y actualmente se desempe\u00f1a como Segundo Comandante de la instituci\u00f3n.<\/p>\n<\/div><\/div>\n\n\n\n<div class=\"mzb-column mzb-column-131823aa\"><div class=\"mzb-column-inner\">\n<figure class=\"mzb-image mzb-image-5d2dcb7b\"><img decoding=\"async\" class=\"wp-image-704 hover-effect-static filter-none mask mask-none\" src=\"https:\/\/cbpa.cl\/wordpress\/wp-content\/uploads\/2026\/01\/Segundo-comandante.png\" alt=\"\"\/><figcaption><em>Segundo Comandante Camilo Benavides<\/em><\/figcaption><\/figure>\n<\/div><\/div>\n<\/div><\/div><\/div>\n\n\n\n<div class=\"alignwide mzb-section mzb-section-74aa74b5 alignwide\"><div class=\"mzb-container\"><div class=\"mzb-section-inner is-horizontal justify-center align-center\">\n<div class=\"mzb-column mzb-column-4e804f6d\"><div class=\"mzb-column-inner\">\n<div class=\"wp-block-buttons is-content-justification-center is-layout-flex wp-container-core-buttons-is-layout-a89b3969 wp-block-buttons-is-layout-flex\">\n<div class=\"wp-block-button\"><a class=\"wp-block-button__link wp-element-button\" href=\"https:\/\/cbpa.cl\/index.php\/comandancia\/\">Comandancia<\/a><\/div>\n\n\n\n<div class=\"wp-block-button\"><a class=\"wp-block-button__link wp-element-button\" href=\"https:\/\/cbpa.cl\/index.php\/tercer-comandante-2\/\">Tercer Comandante<\/a><\/div>\n\n\n\n<div class=\"wp-block-button\"><a class=\"wp-block-button__link wp-element-button\" href=\"https:\/\/cbpa.cl\/index.php\/inspectores-generales\/\">Inspectores Generales<\/a><\/div>\n\n\n\n<div class=\"wp-block-button\"><a class=\"wp-block-button__link wp-element-button\" href=\"https:\/\/cbpa.cl\/index.php\/ayudantes-generales\/\">Ayudantes Generales<\/a><\/div>\n<\/div>\n<\/div><\/div>\n<\/div><\/div><\/div>\n\n\n\n<p><\/p>\n","protected":false},"excerpt":{"rendered":"","protected":false},"author":1,"featured_media":0,"parent":0,"menu_order":0,"comment_status":"closed","ping_status":"closed","template":"","meta":{"footnotes":""},"class_list":["post-703","page","type-page","status-publish","hentry"],"magazineBlocksPostFeaturedMedia":{"thumbnail":false,"medium":false,"medium_large":false,"large":false,"1536x1536":false,"2048x2048":false},"magazineBlocksPostAuthor":{"name":"admin","avatar":"https:\/\/secure.gravatar.com\/avatar\/9655eddb6294cf7a6bcf0c63fbf1e0804e660cb95bbb849bcc096ef32fe0d87b?s=96&d=mm&r=g"},"magazineBlocksPostCommentsNumber":false,"magazineBlocksPostExcerpt":"","magazineBlocksPostCategories":[],"magazineBlocksPostViewCount":0,"magazineBlocksPostReadTime":1,"_links":{"self":[{"href":"https:\/\/cbpa.cl\/index.php\/wp-json\/wp\/v2\/pages\/703","targetHints":{"allow":["GET"]}}],"collection":[{"href":"https:\/\/cbpa.cl\/index.php\/wp-json\/wp\/v2\/pages"}],"about":[{"href":"https:\/\/cbpa.cl\/index.php\/wp-json\/wp\/v2\/types\/page"}],"author":[{"embeddable":true,"href":"https:\/\/cbpa.cl\/index.php\/wp-json\/wp\/v2\/users\/1"}],"replies":[{"embeddable":true,"href":"https:\/\/cbpa.cl\/index.php\/wp-json\/wp\/v2\/comments?post=703"}],"version-history":[{"count":0,"href":"https:\/\/cbpa.cl\/index.php\/wp-json\/wp\/v2\/pages\/703\/revisions"}],"wp:attachment":[{"href":"https:\/\/cbpa.cl\/index.php\/wp-json\/wp\/v2\/media?parent=703"}],"curies":[{"name":"wp","href":"https:\/\/api.w.org\/{rel}","templated":true}]}}