{"id":680,"date":"2026-01-25T16:23:45","date_gmt":"2026-01-25T16:23:45","guid":{"rendered":"https:\/\/cbpa.cl\/?page_id=680"},"modified":"2026-02-05T17:45:23","modified_gmt":"2026-02-05T17:45:23","slug":"comandancia","status":"publish","type":"page","link":"https:\/\/cbpa.cl\/index.php\/comandancia\/","title":{"rendered":"Comandancia"},"content":{"rendered":"\n<div class=\"alignwide mzb-section mzb-section-0a460d9b alignwide\"><div class=\"mzb-container\"><div class=\"mzb-section-inner is-horizontal justify-center align-top\">\n<div class=\"mzb-column mzb-column-627c1a5e\"><div class=\"mzb-column-inner\">\n<p class=\"mzb-paragraph mzb-paragraph-3b5b31e0\">El Voluntario Honorario Sr. Sergio Pinilla Rosales ingres\u00f3 a Tercera Compa\u00f1\u00eda el 13 de marzo de 1994. Ha desempe\u00f1ado los cargos de Ayudante, Teniente Tercero, Teniente Segundo, Teniente Primero, Capit\u00e1n durante 12 periodos, Tercer Comandante, Segundo Comandante y actualmente es el Comandante de la instituci\u00f3n. Ha realizado cursos de instrucci\u00f3n Bomberil en Texas (EE.UU.), es instructor de la Academia Nacional de Bomberos de Chile desde el a\u00f1o 2009.<br>La Comandancia del Cuerpo de Bomberos Puente Alto proyecta un servicio bomberil moderno, profesional y seguro, con el prop\u00f3sito de proteger la vida y entregar una respuesta oportuna y cercana a la comunidad. Sustentado en el desarrollo permanente de capacidades operativas, la incorporaci\u00f3n de tecnolog\u00eda, nuevas t\u00e9cnicas y sistemas de gesti\u00f3n que fortalezcan la planificaci\u00f3n, el control de los recursos y la toma de decisiones.<br>Nuestra visi\u00f3n de futuro se basa en el fortalecimiento continuo del entrenamiento, la especializaci\u00f3n y la seguridad de las Bomberas y Bomberos, promoviendo la interoperabilidad con otros Cuerpos, la mejora constante de los est\u00e1ndares operativos y una gesti\u00f3n disciplinada que permita proyectar al Cuerpo de Bomberos Puente Alto como una instituci\u00f3n referente, reconocida por su liderazgo t\u00e9cnico, su excelencia operativa y su compromiso permanente con la comunidad.<\/p>\n<\/div><\/div>\n\n\n\n<div class=\"mzb-column mzb-column-87b9c771\"><div class=\"mzb-column-inner\">\n<figure class=\"mzb-image mzb-image-d13243ce\"><img loading=\"lazy\" decoding=\"async\" class=\"wp-image-675 hover-effect-static filter-none mask mask-none\" src=\"https:\/\/cbpa.cl\/wordpress\/wp-content\/uploads\/2026\/01\/Comandante-1.png\" alt=\"\" height=\"720\" width=\"720\" srcset=\"https:\/\/cbpa.cl\/wordpress\/wp-content\/uploads\/2026\/01\/Comandante-1.png 720w, https:\/\/cbpa.cl\/wordpress\/wp-content\/uploads\/2026\/01\/Comandante-1-300x300.png 300w, https:\/\/cbpa.cl\/wordpress\/wp-content\/uploads\/2026\/01\/Comandante-1-150x150.png 150w\" sizes=\"auto, (max-width: 720px) 100vw, 720px\" \/><figcaption><em>Comandante Sergio Pinilla Rosales<\/em><\/figcaption><\/figure>\n<\/div><\/div>\n<\/div><\/div><\/div>\n\n\n\n<div class=\"alignwide mzb-section mzb-section-7bb4e16c alignwide\"><div class=\"mzb-container\"><div class=\"mzb-section-inner is-horizontal justify-center align-center\">\n<div class=\"mzb-column mzb-column-934b5834\"><div class=\"mzb-column-inner\">\n<figure class=\"mzb-image mzb-image-6ccb96d9\"><img loading=\"lazy\" decoding=\"async\" class=\"wp-image-972 hover-effect-static filter-none mask mask-none\" src=\"https:\/\/cbpa.cl\/wordpress\/wp-content\/uploads\/2026\/01\/1762454005085-e1769635946378.jpg\" alt=\"\" height=\"540\" width=\"720\"\/><figcaption><em>Comandante del Cuerpo de Bomberos Puente Alto.<\/em><\/figcaption><\/figure>\n<\/div><\/div>\n<\/div><\/div><\/div>\n\n\n\n<div class=\"alignwide mzb-section mzb-section-5038dc5f alignwide\"><div class=\"mzb-container\"><div class=\"mzb-section-inner is-horizontal justify-center align-center\">\n<div class=\"mzb-column mzb-column-b849f733\"><div class=\"mzb-column-inner\">\n<div class=\"wp-block-buttons is-content-justification-center is-layout-flex wp-container-core-buttons-is-layout-a89b3969 wp-block-buttons-is-layout-flex\">\n<div class=\"wp-block-button\"><a class=\"wp-block-button__link wp-element-button\" href=\"https:\/\/cbpa.cl\/index.php\/segundo-comandante\/\">Segundo Comandante<\/a><\/div>\n\n\n\n<div class=\"wp-block-button\"><a class=\"wp-block-button__link wp-element-button\" href=\"https:\/\/cbpa.cl\/index.php\/tercer-comandante-2\/\">Tercer Comandante<\/a><\/div>\n\n\n\n<div class=\"wp-block-button\"><a class=\"wp-block-button__link wp-element-button\" href=\"https:\/\/cbpa.cl\/index.php\/inspectores-generales\/\">Inspectores Generales<\/a><\/div>\n\n\n\n<div class=\"wp-block-button\"><a class=\"wp-block-button__link wp-element-button\" href=\"https:\/\/cbpa.cl\/index.php\/ayudantes-generales\/\">Ayudantes Generales<\/a><\/div>\n<\/div>\n<\/div><\/div>\n<\/div><\/div><\/div>\n\n\n\n<p><\/p>\n","protected":false},"excerpt":{"rendered":"","protected":false},"author":1,"featured_media":0,"parent":0,"menu_order":0,"comment_status":"closed","ping_status":"closed","template":"","meta":{"footnotes":""},"class_list":["post-680","page","type-page","status-publish","hentry"],"magazineBlocksPostFeaturedMedia":{"thumbnail":false,"medium":false,"medium_large":false,"large":false,"1536x1536":false,"2048x2048":false},"magazineBlocksPostAuthor":{"name":"admin","avatar":"https:\/\/secure.gravatar.com\/avatar\/9655eddb6294cf7a6bcf0c63fbf1e0804e660cb95bbb849bcc096ef32fe0d87b?s=96&d=mm&r=g"},"magazineBlocksPostCommentsNumber":false,"magazineBlocksPostExcerpt":"","magazineBlocksPostCategories":[],"magazineBlocksPostViewCount":0,"magazineBlocksPostReadTime":2,"_links":{"self":[{"href":"https:\/\/cbpa.cl\/index.php\/wp-json\/wp\/v2\/pages\/680","targetHints":{"allow":["GET"]}}],"collection":[{"href":"https:\/\/cbpa.cl\/index.php\/wp-json\/wp\/v2\/pages"}],"about":[{"href":"https:\/\/cbpa.cl\/index.php\/wp-json\/wp\/v2\/types\/page"}],"author":[{"embeddable":true,"href":"https:\/\/cbpa.cl\/index.php\/wp-json\/wp\/v2\/users\/1"}],"replies":[{"embeddable":true,"href":"https:\/\/cbpa.cl\/index.php\/wp-json\/wp\/v2\/comments?post=680"}],"version-history":[{"count":0,"href":"https:\/\/cbpa.cl\/index.php\/wp-json\/wp\/v2\/pages\/680\/revisions"}],"wp:attachment":[{"href":"https:\/\/cbpa.cl\/index.php\/wp-json\/wp\/v2\/media?parent=680"}],"curies":[{"name":"wp","href":"https:\/\/api.w.org\/{rel}","templated":true}]}}