{"id":603,"date":"2026-01-28T20:38:07","date_gmt":"2026-01-28T20:38:07","guid":{"rendered":"https:\/\/cbpa.cl\/?page_id=603"},"modified":"2026-01-28T20:57:44","modified_gmt":"2026-01-28T20:57:44","slug":"intendencia-general","status":"publish","type":"page","link":"https:\/\/cbpa.cl\/index.php\/intendencia-general\/","title":{"rendered":"Intendencia General"},"content":{"rendered":"\n<div class=\"alignwide mzb-section mzb-section-d02370e4 alignwide\"><div class=\"mzb-container\"><div class=\"mzb-section-inner is-horizontal justify-center align-center\">\n<div class=\"mzb-column mzb-column-7a359e40\"><div class=\"mzb-column-inner\">\n<p class=\"mzb-paragraph mzb-paragraph-0ac7ce19\">El Voluntario Activo Sr. Jaime Osorio Leyton ingres\u00f3 a Quinta Compa\u00f1\u00eda el 15 de agosto de 2012, ha desempe\u00f1ado los cargos de Director, Teniente Segundo, Teniente Tercero, Secretario, Intendente, Consejero de Disciplina, Director Interventor, Intendente General, Ayudante General de Capacitaci\u00f3n, Consejero Superior de Disciplina y actualmente Intendente General.<br>El cargo de Intendente General destaca por la gesti\u00f3n de las instalaciones del Cuerpo de Bomberos y sus Compa\u00f1\u00edas, entregando el confort necesario para la vida de cuartel.<br>Respecto a la proyecci\u00f3n del cargo, corresponde a estructurar el Departamento de Intendencia General del Cuerpo de Bomberos lo que incluye el trabajo colaborativo con las distintas Intendecias de las nueve compa\u00f1\u00edas. Buscaremos cumplir con los est\u00e1ndares m\u00ednimos de calidad e infraestructura con un lineamiento claro en la solicitud y gesti\u00f3n de recursos para el correcto funcionamiento de los gastos.<\/p>\n<\/div><\/div>\n\n\n\n<div class=\"mzb-column mzb-column-2556f272\"><div class=\"mzb-column-inner\">\n<figure class=\"mzb-image mzb-image-b709a4af\"><img loading=\"lazy\" decoding=\"async\" width=\"1280\" height=\"1280\" class=\"wp-image-954 hover-effect-static filter-none mask mask-none\" src=\"https:\/\/cbpa.cl\/wordpress\/wp-content\/uploads\/2026\/01\/Intendente-gral.png\" alt=\"\" srcset=\"https:\/\/cbpa.cl\/wordpress\/wp-content\/uploads\/2026\/01\/Intendente-gral.png 1280w, https:\/\/cbpa.cl\/wordpress\/wp-content\/uploads\/2026\/01\/Intendente-gral-300x300.png 300w, https:\/\/cbpa.cl\/wordpress\/wp-content\/uploads\/2026\/01\/Intendente-gral-1024x1024.png 1024w, https:\/\/cbpa.cl\/wordpress\/wp-content\/uploads\/2026\/01\/Intendente-gral-150x150.png 150w, https:\/\/cbpa.cl\/wordpress\/wp-content\/uploads\/2026\/01\/Intendente-gral-768x768.png 768w\" sizes=\"auto, (max-width: 1280px) 100vw, 1280px\" \/><figcaption><em>Intendente General Jaime Osorio Leyton<\/em><\/figcaption><\/figure>\n<\/div><\/div>\n<\/div><\/div><\/div>\n\n\n\n<div class=\"alignwide mzb-section mzb-section-0d3ff286 alignwide\"><div class=\"mzb-container\"><div class=\"mzb-section-inner is-horizontal justify-center align-center\">\n<div class=\"mzb-column mzb-column-0584eeda\"><div class=\"mzb-column-inner\">\n<div class=\"wp-block-buttons is-content-justification-center is-layout-flex wp-container-core-buttons-is-layout-a89b3969 wp-block-buttons-is-layout-flex\">\n<div class=\"wp-block-button\"><a class=\"wp-block-button__link wp-element-button\" href=\"https:\/\/cbpa.cl\/index.php\/superintendencia\/\">Superintendencia<\/a><\/div>\n\n\n\n<div class=\"wp-block-button\"><a class=\"wp-block-button__link wp-element-button\" href=\"https:\/\/cbpa.cl\/index.php\/vicesuperintendencia\/\">ViceSuperintendencia<\/a><\/div>\n\n\n\n<div class=\"wp-block-button\"><a class=\"wp-block-button__link wp-element-button\" href=\"https:\/\/cbpa.cl\/index.php\/tesoreria-general\/\">Tesorer\u00eda General<\/a><\/div>\n\n\n\n<div class=\"wp-block-button\"><a class=\"wp-block-button__link wp-element-button\" href=\"https:\/\/cbpa.cl\/index.php\/secretaria-general\/\">Secretar\u00eda General<\/a><\/div>\n<\/div>\n<\/div><\/div>\n<\/div><\/div><\/div>\n","protected":false},"excerpt":{"rendered":"","protected":false},"author":1,"featured_media":0,"parent":0,"menu_order":0,"comment_status":"closed","ping_status":"closed","template":"","meta":{"footnotes":""},"class_list":["post-603","page","type-page","status-publish","hentry"],"magazineBlocksPostFeaturedMedia":{"thumbnail":false,"medium":false,"medium_large":false,"large":false,"1536x1536":false,"2048x2048":false},"magazineBlocksPostAuthor":{"name":"admin","avatar":"https:\/\/secure.gravatar.com\/avatar\/9655eddb6294cf7a6bcf0c63fbf1e0804e660cb95bbb849bcc096ef32fe0d87b?s=96&d=mm&r=g"},"magazineBlocksPostCommentsNumber":false,"magazineBlocksPostExcerpt":"","magazineBlocksPostCategories":[],"magazineBlocksPostViewCount":0,"magazineBlocksPostReadTime":1,"_links":{"self":[{"href":"https:\/\/cbpa.cl\/index.php\/wp-json\/wp\/v2\/pages\/603","targetHints":{"allow":["GET"]}}],"collection":[{"href":"https:\/\/cbpa.cl\/index.php\/wp-json\/wp\/v2\/pages"}],"about":[{"href":"https:\/\/cbpa.cl\/index.php\/wp-json\/wp\/v2\/types\/page"}],"author":[{"embeddable":true,"href":"https:\/\/cbpa.cl\/index.php\/wp-json\/wp\/v2\/users\/1"}],"replies":[{"embeddable":true,"href":"https:\/\/cbpa.cl\/index.php\/wp-json\/wp\/v2\/comments?post=603"}],"version-history":[{"count":0,"href":"https:\/\/cbpa.cl\/index.php\/wp-json\/wp\/v2\/pages\/603\/revisions"}],"wp:attachment":[{"href":"https:\/\/cbpa.cl\/index.php\/wp-json\/wp\/v2\/media?parent=603"}],"curies":[{"name":"wp","href":"https:\/\/api.w.org\/{rel}","templated":true}]}}