{"id":586,"date":"2026-01-24T21:15:51","date_gmt":"2026-01-24T21:15:51","guid":{"rendered":"https:\/\/cbpa.cl\/?page_id=586"},"modified":"2026-01-28T20:58:09","modified_gmt":"2026-01-28T20:58:09","slug":"secretaria-general","status":"publish","type":"page","link":"https:\/\/cbpa.cl\/index.php\/secretaria-general\/","title":{"rendered":"Secretar\u00eda General"},"content":{"rendered":"\n<div class=\"alignwide mzb-section mzb-section-60d3a10b alignwide\"><div class=\"mzb-container\"><div class=\"mzb-section-inner is-horizontal justify-center align-top\">\n<div class=\"mzb-column mzb-column-2b16cb0d\"><div class=\"mzb-column-inner\">\n<p class=\"mzb-paragraph mzb-paragraph-e5623e62\">El Voluntario Activo Sr. Juan Pablo Pardo Garc\u00eda ingres\u00f3 a la S\u00e9ptima Compa\u00f1\u00eda el 7 de julio de 2014. Ha desempe\u00f1ado los cargos de Director, Teniente Primero, Secretario, Tesorero, Ayudante General y actualmente es Secretario General del Cuerpo de Bomberos.<br>Su labor est\u00e1 enfocada en la gesti\u00f3n administrativa, actuando como ministro de fe de todos los estamentos de la instituci\u00f3n y siendo responsable de visar toda la correspondencia. En su rol como Secretario General ha asumido el desaf\u00edo de implementar mejoras en el archivo y registro documental, poniendo especial \u00e9nfasis en la organizaci\u00f3n del Archivo Hist\u00f3rico del Cuerpo de Bomberos, para lo cual ha contado con el apoyo del Director Honorario y Voluntario Insigne de Primera Compa\u00f1\u00eda Sr. Lino Pe\u00f1a Mazzey.<br>Actualmente, enfrenta el reto de actualizar las hojas de vida de los Voluntarios que integran las nueve Compa\u00f1\u00edas de la instituci\u00f3n.<\/p>\n<\/div><\/div>\n\n\n\n<div class=\"mzb-column mzb-column-9e70c5c7\"><div class=\"mzb-column-inner\">\n<figure class=\"mzb-image mzb-image-00449a16\"><img loading=\"lazy\" decoding=\"async\" class=\"wp-image-590 hover-effect-static filter-none mask mask-none\" src=\"https:\/\/cbpa.cl\/wordpress\/wp-content\/uploads\/2026\/01\/Secretario-general-2-1.jpg\" alt=\"\" height=\"836\" width=\"700\" srcset=\"https:\/\/cbpa.cl\/wordpress\/wp-content\/uploads\/2026\/01\/Secretario-general-2-1.jpg 700w, https:\/\/cbpa.cl\/wordpress\/wp-content\/uploads\/2026\/01\/Secretario-general-2-1-251x300.jpg 251w\" sizes=\"auto, (max-width: 700px) 100vw, 700px\" \/><figcaption><em>Secretario General Juan Pardo Garc\u00eda<\/em><\/figcaption><\/figure>\n<\/div><\/div>\n<\/div><\/div><\/div>\n\n\n\n<div class=\"alignwide mzb-section mzb-section-836ece23 alignwide\"><div class=\"mzb-container\"><div class=\"mzb-section-inner is-horizontal justify-center align-center\">\n<div class=\"mzb-column mzb-column-75d8ac2e\"><div class=\"mzb-column-inner\">\n<div class=\"wp-block-buttons is-content-justification-center is-layout-flex wp-container-core-buttons-is-layout-a89b3969 wp-block-buttons-is-layout-flex\">\n<div class=\"wp-block-button\"><a class=\"wp-block-button__link wp-element-button\" href=\"https:\/\/cbpa.cl\/index.php\/superintendencia\/\">Superintendencia<\/a><\/div>\n\n\n\n<div class=\"wp-block-button\"><a class=\"wp-block-button__link wp-element-button\" href=\"https:\/\/cbpa.cl\/index.php\/vicesuperintendencia\/\">Vicesuperintendencia<\/a><\/div>\n\n\n\n<div class=\"wp-block-button\"><a class=\"wp-block-button__link wp-element-button\" href=\"https:\/\/cbpa.cl\/index.php\/tesoreria-general\/\">Tesorer\u00eda General<\/a><\/div>\n\n\n\n<div class=\"wp-block-button\"><a class=\"wp-block-button__link wp-element-button\" href=\"https:\/\/cbpa.cl\/index.php\/intendencia-general\/\">Intendencia General<\/a><\/div>\n<\/div>\n<\/div><\/div>\n<\/div><\/div><\/div>\n\n\n\n<p><\/p>\n","protected":false},"excerpt":{"rendered":"","protected":false},"author":1,"featured_media":0,"parent":0,"menu_order":0,"comment_status":"closed","ping_status":"closed","template":"","meta":{"footnotes":""},"class_list":["post-586","page","type-page","status-publish","hentry"],"magazineBlocksPostFeaturedMedia":{"thumbnail":false,"medium":false,"medium_large":false,"large":false,"1536x1536":false,"2048x2048":false},"magazineBlocksPostAuthor":{"name":"admin","avatar":"https:\/\/secure.gravatar.com\/avatar\/9655eddb6294cf7a6bcf0c63fbf1e0804e660cb95bbb849bcc096ef32fe0d87b?s=96&d=mm&r=g"},"magazineBlocksPostCommentsNumber":false,"magazineBlocksPostExcerpt":"","magazineBlocksPostCategories":[],"magazineBlocksPostViewCount":0,"magazineBlocksPostReadTime":1,"_links":{"self":[{"href":"https:\/\/cbpa.cl\/index.php\/wp-json\/wp\/v2\/pages\/586","targetHints":{"allow":["GET"]}}],"collection":[{"href":"https:\/\/cbpa.cl\/index.php\/wp-json\/wp\/v2\/pages"}],"about":[{"href":"https:\/\/cbpa.cl\/index.php\/wp-json\/wp\/v2\/types\/page"}],"author":[{"embeddable":true,"href":"https:\/\/cbpa.cl\/index.php\/wp-json\/wp\/v2\/users\/1"}],"replies":[{"embeddable":true,"href":"https:\/\/cbpa.cl\/index.php\/wp-json\/wp\/v2\/comments?post=586"}],"version-history":[{"count":0,"href":"https:\/\/cbpa.cl\/index.php\/wp-json\/wp\/v2\/pages\/586\/revisions"}],"wp:attachment":[{"href":"https:\/\/cbpa.cl\/index.php\/wp-json\/wp\/v2\/media?parent=586"}],"curies":[{"name":"wp","href":"https:\/\/api.w.org\/{rel}","templated":true}]}}