{"id":564,"date":"2026-01-24T20:25:40","date_gmt":"2026-01-24T20:25:40","guid":{"rendered":"https:\/\/cbpa.cl\/?page_id=564"},"modified":"2026-01-28T21:00:32","modified_gmt":"2026-01-28T21:00:32","slug":"vicesuperintendencia","status":"publish","type":"page","link":"https:\/\/cbpa.cl\/index.php\/vicesuperintendencia\/","title":{"rendered":"ViceSuperintendencia"},"content":{"rendered":"\n<div class=\"alignwide mzb-section mzb-section-7c652232 alignwide\"><div class=\"mzb-container\"><div class=\"mzb-section-inner is-horizontal justify-center align-top\">\n<div class=\"mzb-column mzb-column-9939067b\"><div class=\"mzb-column-inner\">\n<p class=\"mzb-paragraph mzb-paragraph-9c3327f6\">El Voluntario Honorario Sr. Fabi\u00e1n Richter Zelaya, ingres\u00f3 a Primera Compa\u00f1\u00eda el 4 de diciembre de 2007. Ha desempe\u00f1ado los cargos de Director, Secretario, Ayudante, Instructor de Brigadas Juveniles, Inspector de Capacitaci\u00f3n, Rector de la ex Escuela de Formaci\u00f3n y Capacitaci\u00f3n (FORCAP), y actualmente se desempe\u00f1a como Vicesuperintendente y Secretario del Consejo Regional de Bomberos Metropolitano.<br>En cuanto a las obligaciones de su cargo, es responsable del personal rentado y del Sistema Computacional de la instituci\u00f3n. En este sentido, durante el a\u00f1o 2025 se trabaj\u00f3 en una actualizaci\u00f3n del sitio web del Cuerpo de Bomberos, as\u00ed como en la implementaci\u00f3n de un sistema intranet que pretende mejorar el manejo de la informaci\u00f3n.<br>Adem\u00e1s, se encarga de coordinar todas las comisiones del mando administrativo, incluyendo la Comisi\u00f3n de Difusi\u00f3n y Planificaci\u00f3n Estrat\u00e9gica, Comisi\u00f3n del Campus de Entrenamiento, Comisi\u00f3n de Reforma Reglamentaria, y los Departamentos de Bienestar y Tecnolog\u00eda, Informaci\u00f3n y Comunicaciones (TIC).<br>De cara al futuro, se plantean desaf\u00edos como avanzar en la equidad de g\u00e9nero y concretar la implementaci\u00f3n de la Ley Karin para los Cuerpos de Bomberos, entre otros.<\/p>\n<\/div><\/div>\n\n\n\n<div class=\"mzb-column mzb-column-02fb94c9\"><div class=\"mzb-column-inner\">\n<figure class=\"mzb-image mzb-image-35f4eb76\"><img loading=\"lazy\" decoding=\"async\" width=\"720\" height=\"720\" class=\"wp-image-565 hover-effect-static filter-none mask mask-none\" src=\"https:\/\/cbpa.cl\/wordpress\/wp-content\/uploads\/2026\/01\/Vicesuperintendente.png\" alt=\"\" srcset=\"https:\/\/cbpa.cl\/wordpress\/wp-content\/uploads\/2026\/01\/Vicesuperintendente.png 720w, https:\/\/cbpa.cl\/wordpress\/wp-content\/uploads\/2026\/01\/Vicesuperintendente-300x300.png 300w, https:\/\/cbpa.cl\/wordpress\/wp-content\/uploads\/2026\/01\/Vicesuperintendente-150x150.png 150w\" sizes=\"auto, (max-width: 720px) 100vw, 720px\" \/><figcaption><em>ViceSuperintendente Fabi\u00e1n Richter Zelaya<\/em><\/figcaption><\/figure>\n<\/div><\/div>\n<\/div><\/div><\/div>\n\n\n\n<div class=\"alignwide mzb-section mzb-section-bf08e2ff alignwide\"><div class=\"mzb-container\"><div class=\"mzb-section-inner is-horizontal justify-center align-center\">\n<div class=\"mzb-column mzb-column-a1759a41\"><div class=\"mzb-column-inner\">\n<div class=\"wp-block-buttons is-content-justification-center is-layout-flex wp-container-core-buttons-is-layout-a89b3969 wp-block-buttons-is-layout-flex\">\n<div class=\"wp-block-button\"><a class=\"wp-block-button__link wp-element-button\" href=\"https:\/\/cbpa.cl\/index.php\/superintendencia\/\">Superintendencia<\/a><\/div>\n\n\n\n<div class=\"wp-block-button\"><a class=\"wp-block-button__link wp-element-button\" href=\"https:\/\/cbpa.cl\/index.php\/tesoreria-general\/\">Tesorer\u00eda General<\/a><\/div>\n\n\n\n<div class=\"wp-block-button\"><a class=\"wp-block-button__link wp-element-button\" href=\"https:\/\/cbpa.cl\/index.php\/secretaria-general\/\">Secretar\u00eda General<\/a><\/div>\n\n\n\n<div class=\"wp-block-button\"><a class=\"wp-block-button__link wp-element-button\" href=\"https:\/\/cbpa.cl\/index.php\/intendencia-general\/\">Intendencia General<\/a><\/div>\n<\/div>\n<\/div><\/div>\n<\/div><\/div><\/div>\n\n\n\n<p><\/p>\n","protected":false},"excerpt":{"rendered":"","protected":false},"author":1,"featured_media":0,"parent":0,"menu_order":0,"comment_status":"closed","ping_status":"closed","template":"","meta":{"footnotes":""},"class_list":["post-564","page","type-page","status-publish","hentry"],"magazineBlocksPostFeaturedMedia":{"thumbnail":false,"medium":false,"medium_large":false,"large":false,"1536x1536":false,"2048x2048":false},"magazineBlocksPostAuthor":{"name":"admin","avatar":"https:\/\/secure.gravatar.com\/avatar\/9655eddb6294cf7a6bcf0c63fbf1e0804e660cb95bbb849bcc096ef32fe0d87b?s=96&d=mm&r=g"},"magazineBlocksPostCommentsNumber":false,"magazineBlocksPostExcerpt":"","magazineBlocksPostCategories":[],"magazineBlocksPostViewCount":0,"magazineBlocksPostReadTime":2,"_links":{"self":[{"href":"https:\/\/cbpa.cl\/index.php\/wp-json\/wp\/v2\/pages\/564","targetHints":{"allow":["GET"]}}],"collection":[{"href":"https:\/\/cbpa.cl\/index.php\/wp-json\/wp\/v2\/pages"}],"about":[{"href":"https:\/\/cbpa.cl\/index.php\/wp-json\/wp\/v2\/types\/page"}],"author":[{"embeddable":true,"href":"https:\/\/cbpa.cl\/index.php\/wp-json\/wp\/v2\/users\/1"}],"replies":[{"embeddable":true,"href":"https:\/\/cbpa.cl\/index.php\/wp-json\/wp\/v2\/comments?post=564"}],"version-history":[{"count":0,"href":"https:\/\/cbpa.cl\/index.php\/wp-json\/wp\/v2\/pages\/564\/revisions"}],"wp:attachment":[{"href":"https:\/\/cbpa.cl\/index.php\/wp-json\/wp\/v2\/media?parent=564"}],"curies":[{"name":"wp","href":"https:\/\/api.w.org\/{rel}","templated":true}]}}