{"id":556,"date":"2026-01-24T20:05:34","date_gmt":"2026-01-24T20:05:34","guid":{"rendered":"https:\/\/cbpa.cl\/?page_id=556"},"modified":"2026-01-28T22:08:57","modified_gmt":"2026-01-28T22:08:57","slug":"superintendencia","status":"publish","type":"page","link":"https:\/\/cbpa.cl\/index.php\/superintendencia\/","title":{"rendered":"Superintendencia"},"content":{"rendered":"\n<div class=\"alignwide mzb-section mzb-section-eb782b41 alignwide\"><div class=\"mzb-container\"><div class=\"mzb-section-inner is-horizontal justify-center align-top\">\n<div class=\"mzb-column mzb-column-dcaa6999\"><div class=\"mzb-column-inner\">\n<p class=\"mzb-paragraph mzb-paragraph-2429a0a1\">El Cuerpo de Bomberos Puente Alto es liderado por nuestro Superintendente Sr. Juan Ram\u00f3n G\u00f3mez Bueno, quien ingres\u00f3 a Tercera Compa\u00f1\u00eda el 21 de abril de 1985. R\u00e1pidamente, y pese a su corta edad (16 a\u00f1os), comenz\u00f3 a destacar dentro de las filas, siendo electo Ayudante a solo seis meses de su ingreso.<br>Ha desempe\u00f1ado los cargos de Capit\u00e1n, Teniente Primero, Teniente Tercero, Inspector General, Comandante, Segundo Comandante y Superintendente en reiteradas ocasiones. Con una basta trayectoria en las diversas \u00e1reas, menciona que se siente mucho m\u00e1s identificado con la operatividad, pero la administraci\u00f3n ha sido un desaf\u00edo lleno de aprendizajes.<br>A nivel regional se desempe\u00f1a en el cargo de Primer Vicepresidente del Consejo Regional Metropolitano, en el cual est\u00e1 compuesto por los 24 Cuerpos de Bomberos de la Regi\u00f3n Metropolitana.<br>El Superintendente es el Representante Legal de la instituci\u00f3n y el Oficial encargado de proyectar los destinos del Cuerpo de Bomberos. Asimismo, como parte del perfil de su cargo, debe entregar los lineamientos que permitan su desarrollo en el tiempo y su gesti\u00f3n se basa permanentemente es ejecutar planes de trabajo, fiscalizarlos, y de gestionar la adquisici\u00f3n de recursos.<br>Durante el a\u00f1o 2025, la Superintendencia ha trabajado activamente con el Mando Operativo para concretar proyectos de capacitaci\u00f3n, infraestructura, renovaci\u00f3n de equipos de protecci\u00f3n personal y velar por la reparaci\u00f3n de nuestro Material Mayor.<\/p>\n<\/div><\/div>\n\n\n\n<div class=\"mzb-column mzb-column-dc9ffce1\"><div class=\"mzb-column-inner\">\n<figure class=\"mzb-image mzb-image-100b7c54\"><img loading=\"lazy\" decoding=\"async\" class=\"wp-image-979 hover-effect-static filter-none mask mask-none\" src=\"https:\/\/cbpa.cl\/wordpress\/wp-content\/uploads\/2026\/01\/DSC_1339-1-e1769638130984.jpg\" alt=\"\" height=\"401\" width=\"290\" srcset=\"https:\/\/cbpa.cl\/wordpress\/wp-content\/uploads\/2026\/01\/DSC_1339-1-e1769638130984.jpg 290w, https:\/\/cbpa.cl\/wordpress\/wp-content\/uploads\/2026\/01\/DSC_1339-1-e1769638130984-217x300.jpg 217w\" sizes=\"auto, (max-width: 290px) 100vw, 290px\" \/><figcaption><em>Superintendente Juan G\u00f3mez Bueno<\/em><\/figcaption><\/figure>\n<\/div><\/div>\n<\/div><\/div><\/div>\n\n\n\n<p class=\"mzb-paragraph mzb-paragraph-091356f3\">Proyectos<\/p>\n\n\n\n<div class=\"alignwide mzb-section mzb-section-8c582c1c alignwide\"><div class=\"mzb-container\"><div class=\"mzb-section-inner is-horizontal justify-center align-center\">\n<div class=\"mzb-column mzb-column-66b31425\"><div class=\"mzb-column-inner\">\n<p class=\"mzb-paragraph mzb-paragraph-00147133\"><strong><em>Capacitaci\u00f3n<\/em><\/strong><br>Hoy el Cuerpo de Bomberos dispone de recursos y gestiona la capacitaci\u00f3n de los Voluntarios dentro y fuera del pa\u00eds.<br><strong><em>Cuarteles<\/em><\/strong><br>Una de las prioridades de esta administraci\u00f3n ha sido renovar los cuarteles de las Compa\u00f1\u00edas. Si bien no es una labor que se logre en el corto plazo, se espera renovar todos los cuarteles dentro de 5 a\u00f1os. Se ha trabajado en la techumbre y sistema el\u00e9ctrico de Tercera, Cuarta, S\u00e9ptima y D\u00e9cima Compa\u00f1\u00eda, poniendo especial \u00e9nfasis en aquellos que requieren una gesti\u00f3n cr\u00edtica. Tambi\u00e9n se ha avanzado en el Proyecto de Construcci\u00f3n de Cuartel de Primera y Tercera Compa\u00f1\u00eda, mientras de manera simultanea se han revisado los comodatos y proyectos de Quinta y Novena Compa\u00f1\u00eda.<br><strong><em>Material Mayor<\/em><\/strong><br>El envejecimiento de nuestra flota tambi\u00e9n es una preocupaci\u00f3n. Hoy el Cuerpo de Bomberos cuenta con al menos tres carros bomba que tienen cerca de 20 a\u00f1os de servicio. Por otra parte, todos los a\u00f1os se invierte en el Centro T\u00e9cnico del Cuerpo de Bomberos que ofrece reparaci\u00f3n y asistencia t\u00e9cnica a nuestros carros de manera oportuna y eficiente.<br><strong><em>Equipos de Protecci\u00f3n Personal<\/em><\/strong><br>El a\u00f1o 2025 se compraron 184 uniformes estructurales, 170 uniformes multirol, 70 cascos, guantes y esclavinas para la mayor\u00eda de los bomberos y bomberas del Cuerpo de Bomberos.<br>En cuanto a las proyecciones a futuro, es importante mantener los recursos para seguir renovando los uniformes, mejorar los cuarteles, reacondicionar el campus de entrenamiento, mejorar las comunicaciones y potenciar el trabajo del Centro T\u00e9cnico sin perder de vista la necesidad de renovar algunos carros.<\/p>\n\n\n\n<figure class=\"mzb-image mzb-image-9cea46b0\"><img loading=\"lazy\" decoding=\"async\" class=\"wp-image-553 hover-effect-static filter-none mask mask-none\" src=\"https:\/\/cbpa.cl\/wordpress\/wp-content\/uploads\/2026\/01\/DSC_4704-1.jpg\" alt=\"\" height=\"720\" width=\"1080\" srcset=\"https:\/\/cbpa.cl\/wordpress\/wp-content\/uploads\/2026\/01\/DSC_4704-1.jpg 1080w, https:\/\/cbpa.cl\/wordpress\/wp-content\/uploads\/2026\/01\/DSC_4704-1-300x200.jpg 300w, https:\/\/cbpa.cl\/wordpress\/wp-content\/uploads\/2026\/01\/DSC_4704-1-1024x683.jpg 1024w, https:\/\/cbpa.cl\/wordpress\/wp-content\/uploads\/2026\/01\/DSC_4704-1-768x512.jpg 768w\" sizes=\"auto, (max-width: 1080px) 100vw, 1080px\" \/><figcaption><em>Superintendente Juan G\u00f3mez Bueno en el 89\u00b0 Aniversario del Cuerpo de Bomberos Puente Alto.<\/em><\/figcaption><\/figure>\n<\/div><\/div>\n<\/div><\/div><\/div>\n\n\n\n<div class=\"alignwide mzb-section mzb-section-b9fb7e98 alignwide\"><div class=\"mzb-container\"><div class=\"mzb-section-inner is-horizontal justify-center align-center\">\n<div class=\"mzb-column mzb-column-3ebfbb6a\"><div class=\"mzb-column-inner\"><\/div><\/div>\n<\/div><\/div><\/div>\n\n\n\n<div class=\"wp-block-buttons alignwide is-content-justification-center is-layout-flex wp-container-core-buttons-is-layout-a89b3969 wp-block-buttons-is-layout-flex\">\n<div class=\"wp-block-button\"><a class=\"wp-block-button__link wp-element-button\" href=\"https:\/\/cbpa.cl\/index.php\/vicesuperintendencia\/\">Vicesuperintendencia<\/a><\/div>\n\n\n\n<div class=\"wp-block-button\"><a class=\"wp-block-button__link wp-element-button\" href=\"https:\/\/cbpa.cl\/index.php\/tesoreria-general\/\">Tesorer\u00eda General<\/a><\/div>\n\n\n\n<div class=\"wp-block-button\"><a class=\"wp-block-button__link wp-element-button\" href=\"https:\/\/cbpa.cl\/index.php\/secretaria-general\/\">Secretar\u00eda General<\/a><\/div>\n\n\n\n<div class=\"wp-block-button\"><a class=\"wp-block-button__link wp-element-button\" href=\"https:\/\/cbpa.cl\/index.php\/intendencia-general\/\">Intendencia General<\/a><\/div>\n<\/div>\n\n\n\n<div class=\"mzb-section mzb-section-a50076dc\"><div class=\"mzb-container\"><div class=\"mzb-section-inner is-horizontal justify-center align-center\">\n<div class=\"mzb-column mzb-column-e6ba1283\"><div class=\"mzb-column-inner\"><\/div><\/div>\n<\/div><\/div><\/div>\n\n\n\n<p><\/p>\n","protected":false},"excerpt":{"rendered":"","protected":false},"author":1,"featured_media":0,"parent":0,"menu_order":0,"comment_status":"closed","ping_status":"closed","template":"","meta":{"footnotes":""},"class_list":["post-556","page","type-page","status-publish","hentry"],"magazineBlocksPostFeaturedMedia":{"thumbnail":false,"medium":false,"medium_large":false,"large":false,"1536x1536":false,"2048x2048":false},"magazineBlocksPostAuthor":{"name":"admin","avatar":"https:\/\/secure.gravatar.com\/avatar\/9655eddb6294cf7a6bcf0c63fbf1e0804e660cb95bbb849bcc096ef32fe0d87b?s=96&d=mm&r=g"},"magazineBlocksPostCommentsNumber":false,"magazineBlocksPostExcerpt":"","magazineBlocksPostCategories":[],"magazineBlocksPostViewCount":0,"magazineBlocksPostReadTime":3,"_links":{"self":[{"href":"https:\/\/cbpa.cl\/index.php\/wp-json\/wp\/v2\/pages\/556","targetHints":{"allow":["GET"]}}],"collection":[{"href":"https:\/\/cbpa.cl\/index.php\/wp-json\/wp\/v2\/pages"}],"about":[{"href":"https:\/\/cbpa.cl\/index.php\/wp-json\/wp\/v2\/types\/page"}],"author":[{"embeddable":true,"href":"https:\/\/cbpa.cl\/index.php\/wp-json\/wp\/v2\/users\/1"}],"replies":[{"embeddable":true,"href":"https:\/\/cbpa.cl\/index.php\/wp-json\/wp\/v2\/comments?post=556"}],"version-history":[{"count":0,"href":"https:\/\/cbpa.cl\/index.php\/wp-json\/wp\/v2\/pages\/556\/revisions"}],"wp:attachment":[{"href":"https:\/\/cbpa.cl\/index.php\/wp-json\/wp\/v2\/media?parent=556"}],"curies":[{"name":"wp","href":"https:\/\/api.w.org\/{rel}","templated":true}]}}