{"id":480,"date":"2026-01-23T01:46:32","date_gmt":"2026-01-23T01:46:32","guid":{"rendered":"https:\/\/cbpa.cl\/?page_id=480"},"modified":"2026-03-02T17:56:34","modified_gmt":"2026-03-02T17:56:34","slug":"rifa-2025","status":"publish","type":"page","link":"https:\/\/cbpa.cl\/index.php\/rifa-2025\/","title":{"rendered":"Rifa 2025"},"content":{"rendered":"\n<div class=\"alignwide mzb-section mzb-section-25ce5252 alignwide\"><div class=\"mzb-container\"><div class=\"mzb-section-inner is-horizontal justify-center align-center\">\n<div class=\"mzb-column mzb-column-e215cde6\"><div class=\"mzb-column-inner\">\n<p class=\"mzb-paragraph mzb-paragraph-a264c24a\">Felicitaciones a los ganadores de la Gran Rifa Institucional 2025 de Bomberos Puente Alto, cuyo sorteo se realiz\u00f3 el d\u00eda 17 de enero de 2026. Tambi\u00e9n agradecer a toda la comunidad que particip\u00f3 de esta instancia, apoyando en esta tradicional actividad que es fundamental para seguir entregando un servicio de excelencia y cumplir con nuestra misi\u00f3n de proteger y servir.<br>Resultados de los n\u00fameros ganadores y sus premios:<br><\/p>\n\n\n\n<figure class=\"wp-block-table is-style-stripes\"><table class=\"has-fixed-layout\"><tbody><tr><td class=\"has-text-align-left\" data-align=\"left\">Autom\u00f3vil JAC JS4 Confort<\/td><td class=\"has-text-align-center\" data-align=\"center\">002.858<\/td><td class=\"has-text-align-left\" data-align=\"left\">Hugo Correa<\/td><\/tr><tr><td class=\"has-text-align-left\" data-align=\"left\">Televisor Samsung 60&#8243;<\/td><td class=\"has-text-align-center\" data-align=\"center\">001.572<\/td><td class=\"has-text-align-left\" data-align=\"left\">Wilson Saavedra<\/td><\/tr><tr><td class=\"has-text-align-left\" data-align=\"left\">C\u00e1mara NIKON Z50<\/td><td class=\"has-text-align-center\" data-align=\"center\">054.969<\/td><td class=\"has-text-align-left\" data-align=\"left\">Ver\u00f3nica Zuleta<\/td><\/tr><tr><td class=\"has-text-align-left\" data-align=\"left\">Consola PlayStation 5 Slim<\/td><td class=\"has-text-align-center\" data-align=\"center\">141.002<\/td><td class=\"has-text-align-left\" data-align=\"left\"><\/td><\/tr><tr><td class=\"has-text-align-left\" data-align=\"left\">Lavadora Fensa 12 kg<\/td><td class=\"has-text-align-center\" data-align=\"center\">031.603<\/td><td class=\"has-text-align-left\" data-align=\"left\"><\/td><\/tr><tr><td class=\"has-text-align-left\" data-align=\"left\">Parlante JBL Bluetooth Karaoke<\/td><td class=\"has-text-align-center\" data-align=\"center\">095.087<\/td><td class=\"has-text-align-left\" data-align=\"left\">Patricio Campos<\/td><\/tr><\/tbody><\/table><\/figure>\n<\/div><\/div>\n<\/div><\/div><\/div>\n\n\n\n<div class=\"wp-block-columns alignwide are-vertically-aligned-center is-layout-flex wp-container-core-columns-is-layout-28f84493 wp-block-columns-is-layout-flex\">\n<div class=\"wp-block-column is-vertically-aligned-center is-layout-flow wp-block-column-is-layout-flow\">\n<figure class=\"wp-block-image aligncenter size-large\"><img loading=\"lazy\" decoding=\"async\" width=\"1024\" height=\"683\" src=\"https:\/\/cbpa.cl\/wordpress\/wp-content\/uploads\/2026\/01\/DSC_9968-1-1024x683.jpg\" alt=\"\" class=\"wp-image-287\" srcset=\"https:\/\/cbpa.cl\/wordpress\/wp-content\/uploads\/2026\/01\/DSC_9968-1-1024x683.jpg 1024w, https:\/\/cbpa.cl\/wordpress\/wp-content\/uploads\/2026\/01\/DSC_9968-1-300x200.jpg 300w, https:\/\/cbpa.cl\/wordpress\/wp-content\/uploads\/2026\/01\/DSC_9968-1-768x512.jpg 768w, https:\/\/cbpa.cl\/wordpress\/wp-content\/uploads\/2026\/01\/DSC_9968-1.jpg 1080w\" sizes=\"auto, (max-width: 1024px) 100vw, 1024px\" \/><figcaption class=\"wp-element-caption\"><em>Stand del Cuerpo de Bomberos Puente Alto, Sorteo Rifa Institucional 2025<\/em>.<\/figcaption><\/figure>\n<\/div>\n\n\n\n<div class=\"wp-block-column is-vertically-aligned-center is-layout-flow wp-block-column-is-layout-flow\">\n<figure class=\"wp-block-image aligncenter size-large\"><img loading=\"lazy\" decoding=\"async\" width=\"1024\" height=\"683\" src=\"https:\/\/cbpa.cl\/wordpress\/wp-content\/uploads\/2026\/01\/DSC_9971-1-1024x683.jpg\" alt=\"\" class=\"wp-image-288\" srcset=\"https:\/\/cbpa.cl\/wordpress\/wp-content\/uploads\/2026\/01\/DSC_9971-1-1024x683.jpg 1024w, https:\/\/cbpa.cl\/wordpress\/wp-content\/uploads\/2026\/01\/DSC_9971-1-300x200.jpg 300w, https:\/\/cbpa.cl\/wordpress\/wp-content\/uploads\/2026\/01\/DSC_9971-1-768x512.jpg 768w, https:\/\/cbpa.cl\/wordpress\/wp-content\/uploads\/2026\/01\/DSC_9971-1.jpg 1080w\" sizes=\"auto, (max-width: 1024px) 100vw, 1024px\" \/><figcaption class=\"wp-element-caption\"><em>Sorteo Rifa Institucional versi\u00f3n 2025.<\/em><\/figcaption><\/figure>\n<\/div>\n<\/div>\n\n\n\n<div class=\"alignwide mzb-section mzb-section-daa63a80 alignwide\"><div class=\"mzb-container\"><div class=\"mzb-section-inner is-horizontal justify-center align-center\">\n<div class=\"mzb-column mzb-column-f9e52a27\"><div class=\"mzb-column-inner\">\n<p class=\"mzb-paragraph mzb-paragraph-b6baf745\">El Cuerpo de Bomberos Puente Alto organiza Rifa Institucional para conseguir recursos para inversiones y operaciones.<br>Revisa nuestras Bases a continuaci\u00f3n:<\/p>\n\n\n\n<div data-wp-interactive=\"core\/file\" class=\"wp-block-file\"><object data-wp-bind--hidden=\"!state.hasPdfPreview\" hidden class=\"wp-block-file__embed\" data=\"https:\/\/cbpa.cl\/wordpress\/wp-content\/uploads\/2026\/01\/Bases-Rifa-2025.pdf\" type=\"application\/pdf\" style=\"width:100%;height:600px\" aria-label=\"Incrustado de Bases-Rifa-2025.\"><\/object><a id=\"wp-block-file--media-41296031-bc9c-46bc-a9e2-51bbc1df0f42\" href=\"https:\/\/cbpa.cl\/wordpress\/wp-content\/uploads\/2026\/01\/Bases-Rifa-2025.pdf\">Bases-Rifa-2025<\/a><a href=\"https:\/\/cbpa.cl\/wordpress\/wp-content\/uploads\/2026\/01\/Bases-Rifa-2025.pdf\" class=\"wp-block-file__button wp-element-button\" download aria-describedby=\"wp-block-file--media-41296031-bc9c-46bc-a9e2-51bbc1df0f42\">Descarga Aqu\u00ed<\/a><\/div>\n<\/div><\/div>\n<\/div><\/div><\/div>\n\n\n\n<div class=\"wp-block-buttons alignwide is-layout-flex wp-block-buttons-is-layout-flex\">\n<div class=\"wp-block-button\"><a class=\"wp-block-button__link wp-element-button\" href=\"https:\/\/cbpa.cl\/index.php\/ganadores-rifa-2024\/\">Ganadores Rifa 2024<\/a><\/div>\n\n\n\n<div class=\"wp-block-button\"><a class=\"wp-block-button__link wp-element-button\" href=\"https:\/\/cbpa.cl\/index.php\/ganadores-rifa-2025\/\">Ganadores Rifa 2025<\/a><\/div>\n<\/div>\n\n\n\n<p><\/p>\n","protected":false},"excerpt":{"rendered":"","protected":false},"author":1,"featured_media":0,"parent":0,"menu_order":0,"comment_status":"closed","ping_status":"closed","template":"","meta":{"footnotes":""},"class_list":["post-480","page","type-page","status-publish","hentry"],"magazineBlocksPostFeaturedMedia":{"thumbnail":false,"medium":false,"medium_large":false,"large":false,"1536x1536":false,"2048x2048":false},"magazineBlocksPostAuthor":{"name":"admin","avatar":"https:\/\/secure.gravatar.com\/avatar\/9655eddb6294cf7a6bcf0c63fbf1e0804e660cb95bbb849bcc096ef32fe0d87b?s=96&d=mm&r=g"},"magazineBlocksPostCommentsNumber":false,"magazineBlocksPostExcerpt":"","magazineBlocksPostCategories":[],"magazineBlocksPostViewCount":0,"magazineBlocksPostReadTime":1,"_links":{"self":[{"href":"https:\/\/cbpa.cl\/index.php\/wp-json\/wp\/v2\/pages\/480","targetHints":{"allow":["GET"]}}],"collection":[{"href":"https:\/\/cbpa.cl\/index.php\/wp-json\/wp\/v2\/pages"}],"about":[{"href":"https:\/\/cbpa.cl\/index.php\/wp-json\/wp\/v2\/types\/page"}],"author":[{"embeddable":true,"href":"https:\/\/cbpa.cl\/index.php\/wp-json\/wp\/v2\/users\/1"}],"replies":[{"embeddable":true,"href":"https:\/\/cbpa.cl\/index.php\/wp-json\/wp\/v2\/comments?post=480"}],"version-history":[{"count":0,"href":"https:\/\/cbpa.cl\/index.php\/wp-json\/wp\/v2\/pages\/480\/revisions"}],"wp:attachment":[{"href":"https:\/\/cbpa.cl\/index.php\/wp-json\/wp\/v2\/media?parent=480"}],"curies":[{"name":"wp","href":"https:\/\/api.w.org\/{rel}","templated":true}]}}