{"id":456,"date":"2026-01-23T00:18:58","date_gmt":"2026-01-23T00:18:58","guid":{"rendered":"https:\/\/cbpa.cl\/?page_id=456"},"modified":"2026-01-25T22:22:43","modified_gmt":"2026-01-25T22:22:43","slug":"fundacion","status":"publish","type":"page","link":"https:\/\/cbpa.cl\/index.php\/fundacion\/","title":{"rendered":"Fundaci\u00f3n"},"content":{"rendered":"\n<div class=\"alignwide mzb-section mzb-section-15d64ffa alignwide\"><div class=\"mzb-container\"><div class=\"mzb-section-inner is-horizontal justify-center align-center\">\n<div class=\"mzb-column mzb-column-4b729c68\"><div class=\"mzb-column-inner\">\n<p class=\"mzb-paragraph mzb-paragraph-158cf44c\">En Puente Alto, el 29 de septiembre de 1936 (12:00 horas), se reunieron en la casa de don Rafael Bascu\u00f1\u00e1n Pinto los se\u00f1ores: Rafael Bascu\u00f1\u00e1n Pinto, Carlos Sotomayor Orrego y Luis V\u00e1squez Castillo, en representaci\u00f3n de la Primera Compa\u00f1\u00eda de Bomberos; y el se\u00f1or Julio Bustamante, en representaci\u00f3n de la Segunda Compa\u00f1\u00eda de Bomberos \u201cMarcos P\u00e9rez Insunza\u201d. Debidamente autorizados por ambas Compa\u00f1\u00edas se deliber\u00f3 la formaci\u00f3n de la Comandancia que regir\u00e1 los destinos del Cuerpo de Bomberos Puente Alto.<br>Hubo un ligero debate en el que opinaron todos los presentes, dando como resultado el siguiente acuerdo por unanimidad:<br><br><strong>1.-<\/strong> F\u00f3rmase la Comandancia del Cuerpo de Bomberos Puente Alto (compuesto por dos Compa\u00f1\u00edas).<br><strong>2.-<\/strong> Su primer Directorio quedar\u00e1 compuesto de la siguiente forma:<br><strong>Superintendente<\/strong> Rafael Bascu\u00f1\u00e1n Pinto.<br><strong>Comandante<\/strong> Luis V\u00e1squez Castillo.<br><strong>Secretario<\/strong> Humberto Pizarro Rodr\u00edguez.<br><strong>Tesorero<\/strong> \u00c1ngel Carrasco Mu\u00f1oz.<br><strong>Director Primera Compa\u00f1\u00eda<\/strong> Carlos Sotomayor Orrego.<br><strong>Director Segunda Compa\u00f1\u00eda<\/strong> Julio Bustamante Pinto.<br><strong>3.-<\/strong> Este Directorio queda en car\u00e1cter provisional y deber\u00e1 confeccionar los Estatutos y Reglamentos por los cuales ha de regirse el definitivo, para cuyo t\u00e9rmino tiene plazo hasta el 30 de noviembre de presente a\u00f1o.<br><strong>4.- <\/strong>Los miembros de este Directorio Provisional que tienen actualmente alg\u00fan cargo de Oficial u otro en su Compa\u00f1\u00eda no lo perder\u00e1n y seguir\u00e1n desempe\u00f1\u00e1ndose como de costumbre.<br><strong>5.-<\/strong> Cada representante de cada compa\u00f1\u00eda dar\u00e1 cuenta a la suya en la primera reuni\u00f3n de Compa\u00f1\u00eda que tenga o haciendo citaci\u00f3n especial para este objeto, de la formaci\u00f3n y acuerdos que tom\u00f3 este Directorio.<br><strong>6.-<\/strong> Se firma la presente acta en triplicado, una para cada Compa\u00f1\u00eda y la original para esta Comandancia.<br><br><strong><em>Puente Alto, 29 de Septiembre de 1936.<\/em><\/strong><\/p>\n<\/div><\/div>\n<\/div><\/div><\/div>\n\n\n\n<div class=\"alignwide mzb-section mzb-section-a099fd29 alignwide\"><div class=\"mzb-container\"><div class=\"mzb-section-inner is-horizontal justify-center align-center\">\n<div class=\"mzb-column mzb-column-a725a62c\"><div class=\"mzb-column-inner\">\n<figure class=\"mzb-image mzb-image-6a01b958\"><img loading=\"lazy\" decoding=\"async\" class=\"wp-image-298 hover-effect-static filter-none mask mask-none\" src=\"https:\/\/cbpa.cl\/wordpress\/wp-content\/uploads\/2026\/01\/acta-fundacion-cuerpo.jpg\" alt=\"\" height=\"2153\" width=\"1133\" srcset=\"https:\/\/cbpa.cl\/wordpress\/wp-content\/uploads\/2026\/01\/acta-fundacion-cuerpo.jpg 1133w, https:\/\/cbpa.cl\/wordpress\/wp-content\/uploads\/2026\/01\/acta-fundacion-cuerpo-158x300.jpg 158w, https:\/\/cbpa.cl\/wordpress\/wp-content\/uploads\/2026\/01\/acta-fundacion-cuerpo-539x1024.jpg 539w, https:\/\/cbpa.cl\/wordpress\/wp-content\/uploads\/2026\/01\/acta-fundacion-cuerpo-768x1459.jpg 768w, https:\/\/cbpa.cl\/wordpress\/wp-content\/uploads\/2026\/01\/acta-fundacion-cuerpo-808x1536.jpg 808w, https:\/\/cbpa.cl\/wordpress\/wp-content\/uploads\/2026\/01\/acta-fundacion-cuerpo-1078x2048.jpg 1078w\" sizes=\"auto, (max-width: 1133px) 100vw, 1133px\" \/><figcaption><em>Acta de Fundaci\u00f3n del Cuerpo de Bomberos Puente Alto.<\/em><\/figcaption><\/figure>\n<\/div><\/div>\n\n\n\n<div class=\"mzb-column mzb-column-520a9ad6\"><div class=\"mzb-column-inner\">\n<figure class=\"mzb-image mzb-image-80c3ea5d\"><img loading=\"lazy\" decoding=\"async\" class=\"wp-image-194 hover-effect-static filter-none mask mask-none\" src=\"https:\/\/cbpa.cl\/wordpress\/wp-content\/uploads\/2026\/01\/Fotografia-Voluntarios-1929.jpg\" alt=\"\" height=\"632\" width=\"942\" srcset=\"https:\/\/cbpa.cl\/wordpress\/wp-content\/uploads\/2026\/01\/Fotografia-Voluntarios-1929.jpg 942w, https:\/\/cbpa.cl\/wordpress\/wp-content\/uploads\/2026\/01\/Fotografia-Voluntarios-1929-300x201.jpg 300w, https:\/\/cbpa.cl\/wordpress\/wp-content\/uploads\/2026\/01\/Fotografia-Voluntarios-1929-768x515.jpg 768w\" sizes=\"auto, (max-width: 942px) 100vw, 942px\" \/><figcaption><em>Voluntarios de Bomberos de Primera Compa\u00f1\u00eda.<\/em><\/figcaption><\/figure>\n\n\n\n<figure class=\"mzb-image mzb-image-7ea301fa\"><img loading=\"lazy\" decoding=\"async\" class=\"wp-image-218 hover-effect-static filter-none mask mask-none\" src=\"https:\/\/cbpa.cl\/wordpress\/wp-content\/uploads\/2026\/01\/1738000180285-scaled.jpg\" alt=\"\" height=\"2055\" width=\"2560\" srcset=\"https:\/\/cbpa.cl\/wordpress\/wp-content\/uploads\/2026\/01\/1738000180285-scaled.jpg 2560w, https:\/\/cbpa.cl\/wordpress\/wp-content\/uploads\/2026\/01\/1738000180285-300x241.jpg 300w, https:\/\/cbpa.cl\/wordpress\/wp-content\/uploads\/2026\/01\/1738000180285-1024x822.jpg 1024w, https:\/\/cbpa.cl\/wordpress\/wp-content\/uploads\/2026\/01\/1738000180285-768x617.jpg 768w, https:\/\/cbpa.cl\/wordpress\/wp-content\/uploads\/2026\/01\/1738000180285-1536x1233.jpg 1536w, https:\/\/cbpa.cl\/wordpress\/wp-content\/uploads\/2026\/01\/1738000180285-2048x1644.jpg 2048w\" sizes=\"auto, (max-width: 2560px) 100vw, 2560px\" \/><figcaption><em>Voluntarios de Bomberos de Segunda Compa\u00f1\u00eda.<\/em><\/figcaption><\/figure>\n<\/div><\/div>\n<\/div><\/div><\/div>\n\n\n\n<div class=\"wp-block-buttons alignwide is-content-justification-center is-layout-flex wp-container-core-buttons-is-layout-a89b3969 wp-block-buttons-is-layout-flex\">\n<div class=\"wp-block-button\"><a class=\"wp-block-button__link wp-element-button\" href=\"https:\/\/cbpa.cl\/index.php\/institucion\/\">Instituci\u00f3n<\/a><\/div>\n\n\n\n<div class=\"wp-block-button\"><a class=\"wp-block-button__link wp-element-button\" href=\"https:\/\/cbpa.cl\/index.php\/nuestra-historia\/\">Nuestra Historia<\/a><\/div>\n\n\n\n<div class=\"wp-block-button\"><a class=\"wp-block-button__link wp-element-button\" href=\"https:\/\/cbpa.cl\/index.php\/mision-y-vision\/\">Misi\u00f3n y Visi\u00f3n<\/a><\/div>\n\n\n\n<div class=\"wp-block-button\"><a class=\"wp-block-button__link wp-element-button\" href=\"https:\/\/cbpa.cl\/index.php\/nuestros-valores\/\">Nuestros Valores<\/a><\/div>\n\n\n\n<div class=\"wp-block-button\"><a class=\"wp-block-button__link wp-element-button\" href=\"https:\/\/cbpa.cl\/index.php\/unidad-simbolica\/\">Unidad Simb\u00f3lica<\/a><\/div>\n<\/div>\n","protected":false},"excerpt":{"rendered":"","protected":false},"author":1,"featured_media":0,"parent":0,"menu_order":0,"comment_status":"closed","ping_status":"closed","template":"","meta":{"footnotes":""},"class_list":["post-456","page","type-page","status-publish","hentry"],"magazineBlocksPostFeaturedMedia":{"thumbnail":false,"medium":false,"medium_large":false,"large":false,"1536x1536":false,"2048x2048":false},"magazineBlocksPostAuthor":{"name":"admin","avatar":"https:\/\/secure.gravatar.com\/avatar\/9655eddb6294cf7a6bcf0c63fbf1e0804e660cb95bbb849bcc096ef32fe0d87b?s=96&d=mm&r=g"},"magazineBlocksPostCommentsNumber":false,"magazineBlocksPostExcerpt":"","magazineBlocksPostCategories":[],"magazineBlocksPostViewCount":0,"magazineBlocksPostReadTime":2,"_links":{"self":[{"href":"https:\/\/cbpa.cl\/index.php\/wp-json\/wp\/v2\/pages\/456","targetHints":{"allow":["GET"]}}],"collection":[{"href":"https:\/\/cbpa.cl\/index.php\/wp-json\/wp\/v2\/pages"}],"about":[{"href":"https:\/\/cbpa.cl\/index.php\/wp-json\/wp\/v2\/types\/page"}],"author":[{"embeddable":true,"href":"https:\/\/cbpa.cl\/index.php\/wp-json\/wp\/v2\/users\/1"}],"replies":[{"embeddable":true,"href":"https:\/\/cbpa.cl\/index.php\/wp-json\/wp\/v2\/comments?post=456"}],"version-history":[{"count":0,"href":"https:\/\/cbpa.cl\/index.php\/wp-json\/wp\/v2\/pages\/456\/revisions"}],"wp:attachment":[{"href":"https:\/\/cbpa.cl\/index.php\/wp-json\/wp\/v2\/media?parent=456"}],"curies":[{"name":"wp","href":"https:\/\/api.w.org\/{rel}","templated":true}]}}