{"id":449,"date":"2026-01-23T00:19:51","date_gmt":"2026-01-23T00:19:51","guid":{"rendered":"https:\/\/cbpa.cl\/?page_id=449"},"modified":"2026-01-25T22:43:16","modified_gmt":"2026-01-25T22:43:16","slug":"unidad-simbolica","status":"publish","type":"page","link":"https:\/\/cbpa.cl\/index.php\/unidad-simbolica\/","title":{"rendered":"Unidad Simb\u00f3lica"},"content":{"rendered":"\n<div class=\"alignwide mzb-section mzb-section-68511c8f alignwide\"><div class=\"mzb-container\"><div class=\"mzb-section-inner is-horizontal justify-center align-center\">\n<div class=\"mzb-column mzb-column-ca656747\"><div class=\"mzb-column-inner\">\n<p class=\"mzb-paragraph mzb-paragraph-8bc525b5\">La <strong>Unidad Simb\u00f3lica<\/strong> del Cuerpo de Bomberos Puente Alto es una agrupaci\u00f3n de car\u00e1cter formativo y social que pretende que las nuevas generaciones de bomberas y bomberos aprendan a conocer, admirar y adoptar las grandes virtudes \u00e9ticas que dejaron nuestros fundadores.<br>Est\u00e1 compuesta por <strong>Voluntarios Insignes y Honorarios con m\u00e1s de 35 a\u00f1os de servicio<\/strong> en el CBPA:<\/p>\n<\/div><\/div>\n<\/div><\/div><\/div>\n\n\n\n<div class=\"alignwide mzb-section mzb-section-88091770 alignwide\"><div class=\"mzb-container\"><div class=\"mzb-section-inner is-horizontal justify-center align-center\">\n<div class=\"mzb-column mzb-column-41a9e188\"><div class=\"mzb-column-inner\">\n<p class=\"mzb-paragraph mzb-paragraph-80592051\">Vol. Insigne Alfredo Muaiad Yaquich<br>Vol. Insigne Carlos Infante Aranda<br>Vol. Insigne Jorge Gonz\u00e1lez Sep\u00falveda<br>Vol. Insigne V\u00edctor Correa S\u00e1nchez<br>Vol. Insigne Luis B\u00f3rquez Mayorga<br>Vol. Insigne Lino Pe\u00f1a Mazzey<br>Vol. Insigne Sergio Morales Morales<br>Vol. Insigne Ram\u00f3n Galleguillos Rodr\u00edguez<br>Vol. Honorario Miguel Gonz\u00e1lez Cisterna<br>Vol. Honorario Arturo Brignardello Mu\u00f1oz<br>Vol. Honorario Juan Guajardo Orellana<br>Vol. Honorario Wilfredo Bast\u00edas Leiva<br><\/p>\n<\/div><\/div>\n\n\n\n<div class=\"mzb-column mzb-column-e0248e32\"><div class=\"mzb-column-inner\">\n<p class=\"mzb-paragraph mzb-paragraph-284de63f\">Vol. Honorario Juan Carlos Berr\u00edos Ram\u00edrez<br>Vol. Honorario Miguel Alvear Miranda<br>Vol. Honorario Adolfo Molina Eyzaguirre<br>Vol. Honorario Marco Gallardo Torres<br>Vol. Honorario Guillermo Bravo Ulloa<br>Vol. Honorario Aldo Lacoste Seguel<br>Vol. Honorario Guillermo Rodr\u00edguez Galaz<br>Vol. Honorario Jos\u00e9 Rodr\u00edguez Galaz<br>Vol. Honorario Juan G\u00f3mez Bueno<br>Vol. Honorario Mario Infante D\u00edaz<br>Vol. Honorario Abelardo Fredes S\u00e1ez<br>Vol. Honorario Freddy Vargas Mu\u00f1oz<\/p>\n<\/div><\/div>\n<\/div><\/div><\/div>\n\n\n\n<div class=\"alignwide mzb-section mzb-section-5527bdc5 alignwide\"><div class=\"mzb-container\"><div class=\"mzb-section-inner is-horizontal justify-center align-center\">\n<div class=\"mzb-column mzb-column-123886a8\"><div class=\"mzb-column-inner\">\n<figure class=\"mzb-image mzb-image-71440055\"><img loading=\"lazy\" decoding=\"async\" class=\"wp-image-360 hover-effect-static filter-none mask mask-none\" src=\"https:\/\/cbpa.cl\/wordpress\/wp-content\/uploads\/2026\/01\/DSC_1027.jpg\" alt=\"\" height=\"720\" width=\"1080\" srcset=\"https:\/\/cbpa.cl\/wordpress\/wp-content\/uploads\/2026\/01\/DSC_1027.jpg 1080w, https:\/\/cbpa.cl\/wordpress\/wp-content\/uploads\/2026\/01\/DSC_1027-300x200.jpg 300w, https:\/\/cbpa.cl\/wordpress\/wp-content\/uploads\/2026\/01\/DSC_1027-1024x683.jpg 1024w, https:\/\/cbpa.cl\/wordpress\/wp-content\/uploads\/2026\/01\/DSC_1027-768x512.jpg 768w\" sizes=\"auto, (max-width: 1080px) 100vw, 1080px\" \/><figcaption><em>Unidad Simb\u00f3lica del Cuerpo de Bomberos Puente Alto.<\/em><\/figcaption><\/figure>\n<\/div><\/div>\n\n\n\n<div class=\"mzb-column mzb-column-fba62fbc\"><div class=\"mzb-column-inner\">\n<figure class=\"mzb-image mzb-image-2d447bea\"><img loading=\"lazy\" decoding=\"async\" class=\"wp-image-418 hover-effect-static filter-none mask mask-none\" src=\"https:\/\/cbpa.cl\/wordpress\/wp-content\/uploads\/2026\/01\/Banner-unidad-simbolica-baja.jpg\" alt=\"\" height=\"720\" width=\"1080\" srcset=\"https:\/\/cbpa.cl\/wordpress\/wp-content\/uploads\/2026\/01\/Banner-unidad-simbolica-baja.jpg 1080w, https:\/\/cbpa.cl\/wordpress\/wp-content\/uploads\/2026\/01\/Banner-unidad-simbolica-baja-300x200.jpg 300w, https:\/\/cbpa.cl\/wordpress\/wp-content\/uploads\/2026\/01\/Banner-unidad-simbolica-baja-1024x683.jpg 1024w, https:\/\/cbpa.cl\/wordpress\/wp-content\/uploads\/2026\/01\/Banner-unidad-simbolica-baja-768x512.jpg 768w\" sizes=\"auto, (max-width: 1080px) 100vw, 1080px\" \/><figcaption><em>Voluntario Insigne del Cuerpo de Bomberos Puente Alto.<\/em><\/figcaption><\/figure>\n<\/div><\/div>\n<\/div><\/div><\/div>\n\n\n\n<div class=\"wp-block-buttons alignwide is-content-justification-center is-layout-flex wp-container-core-buttons-is-layout-a89b3969 wp-block-buttons-is-layout-flex\">\n<div class=\"wp-block-button\"><a class=\"wp-block-button__link wp-element-button\" href=\"https:\/\/cbpa.cl\/index.php\/institucion\/\">Instituci\u00f3n<\/a><\/div>\n\n\n\n<div class=\"wp-block-button\"><a class=\"wp-block-button__link wp-element-button\" href=\"https:\/\/cbpa.cl\/index.php\/nuestra-historia\/\">Nuestra Historia<\/a><\/div>\n\n\n\n<div class=\"wp-block-button\"><a class=\"wp-block-button__link wp-element-button\" href=\"https:\/\/cbpa.cl\/index.php\/fundacion\/\">Fundaci\u00f3n<\/a><\/div>\n\n\n\n<div class=\"wp-block-button\"><a class=\"wp-block-button__link wp-element-button\" href=\"https:\/\/cbpa.cl\/index.php\/mision-y-vision\/\">Misi\u00f3n y Visi\u00f3n<\/a><\/div>\n\n\n\n<div class=\"wp-block-button\"><a class=\"wp-block-button__link wp-element-button\" href=\"https:\/\/cbpa.cl\/index.php\/nuestros-valores\/\">Nuestros Valores<\/a><\/div>\n<\/div>\n","protected":false},"excerpt":{"rendered":"","protected":false},"author":1,"featured_media":0,"parent":0,"menu_order":0,"comment_status":"closed","ping_status":"closed","template":"","meta":{"footnotes":""},"class_list":["post-449","page","type-page","status-publish","hentry"],"magazineBlocksPostFeaturedMedia":{"thumbnail":false,"medium":false,"medium_large":false,"large":false,"1536x1536":false,"2048x2048":false},"magazineBlocksPostAuthor":{"name":"admin","avatar":"https:\/\/secure.gravatar.com\/avatar\/9655eddb6294cf7a6bcf0c63fbf1e0804e660cb95bbb849bcc096ef32fe0d87b?s=96&d=mm&r=g"},"magazineBlocksPostCommentsNumber":false,"magazineBlocksPostExcerpt":"","magazineBlocksPostCategories":[],"magazineBlocksPostViewCount":0,"magazineBlocksPostReadTime":2,"_links":{"self":[{"href":"https:\/\/cbpa.cl\/index.php\/wp-json\/wp\/v2\/pages\/449","targetHints":{"allow":["GET"]}}],"collection":[{"href":"https:\/\/cbpa.cl\/index.php\/wp-json\/wp\/v2\/pages"}],"about":[{"href":"https:\/\/cbpa.cl\/index.php\/wp-json\/wp\/v2\/types\/page"}],"author":[{"embeddable":true,"href":"https:\/\/cbpa.cl\/index.php\/wp-json\/wp\/v2\/users\/1"}],"replies":[{"embeddable":true,"href":"https:\/\/cbpa.cl\/index.php\/wp-json\/wp\/v2\/comments?post=449"}],"version-history":[{"count":0,"href":"https:\/\/cbpa.cl\/index.php\/wp-json\/wp\/v2\/pages\/449\/revisions"}],"wp:attachment":[{"href":"https:\/\/cbpa.cl\/index.php\/wp-json\/wp\/v2\/media?parent=449"}],"curies":[{"name":"wp","href":"https:\/\/api.w.org\/{rel}","templated":true}]}}