{"id":437,"date":"2026-01-23T00:19:29","date_gmt":"2026-01-23T00:19:29","guid":{"rendered":"https:\/\/cbpa.cl\/?page_id=437"},"modified":"2026-01-24T22:36:44","modified_gmt":"2026-01-24T22:36:44","slug":"nuestra-historia","status":"publish","type":"page","link":"https:\/\/cbpa.cl\/index.php\/nuestra-historia\/","title":{"rendered":"Nuestra Historia"},"content":{"rendered":"\n<div class=\"alignwide mzb-section mzb-section-2c71d587 alignwide\"><div class=\"mzb-container\"><div class=\"mzb-section-inner is-horizontal justify-center align-center\">\n<div class=\"mzb-column mzb-column-2f33698f\"><div class=\"mzb-column-inner\">\n<p class=\"mzb-paragraph mzb-paragraph-7bd62792\">Puente Alto, villorrio suburbano de la capital. Hace 100 a\u00f1os desarrollaba su incipiente actividad agr\u00edcola e industrial en medio de un paraje inigualable: casas de adobe y madera relativamente distantes entre s\u00ed, con amplios corredores donde los transe\u00fantes pod\u00edan resguardarse del sol o de la lluvia. Durante la semana, d\u00edas tranquilos, interrumpidos \u00fanicamente por el \u201cpito\u201d de la Papelera, indicando a su gente cu\u00e1ndo deb\u00edan trabajar, comer o descansar.<br>Sin embargo, a finales de diciembre de 1928, se vio rota esa tranquilidad: un voraz incendio consumi\u00f3 la barraca de maderas del se\u00f1or Fernando L\u00f3pez. El vecindario, como era de esperar, se sumi\u00f3 en el alboroto natural que generan tales noticias que se difunden de boca en boca. En aquellos a\u00f1os no exist\u00eda ning\u00fan sistema de alarma, salvo las campanas de la iglesia, que en esa ocasi\u00f3n hizo ta\u00f1er como nunca el recordado sacerdote Jacinto N\u00fa\u00f1ez Barbosa, quien con autoridad y criterio ordenara las primeras medidas de extinci\u00f3n.<br>Este hecho llev\u00f3 a la fundaci\u00f3n de la Primera Compa\u00f1\u00eda el 02 de agosto de 1929, y posteriormente, nacer\u00eda la Segunda Compa\u00f1\u00eda el 25 de abril de 1935. Al a\u00f1o siguiente, y con el objetivo de fortalecer el trabajo de ambas Compa\u00f1\u00edas, se fund\u00f3 el Cuerpo de Bomberos Puente Alto, el 29 de septiembre de 1936 para guiar los destinos de la instituci\u00f3n.<\/p>\n<\/div><\/div>\n<\/div><\/div><\/div>\n\n\n\n<div class=\"alignwide mzb-section mzb-section-dd8f977d alignwide\"><div class=\"mzb-container\"><div class=\"mzb-section-inner is-horizontal justify-center align-center\">\n<div class=\"mzb-column mzb-column-4597229f\"><div class=\"mzb-column-inner\"><style type=\"text\/css\">\n#foogallery-gallery-328 .fg-image { width: 200px; }<\/style>\n\t\t\t<div class=\"foogallery foogallery-container foogallery-carousel foogallery-lightbox-foogallery fg-carousel fg-ready fg-light fg-border-medium fg-round-small fg-shadow-medium fg-loading-partial fg-loaded-fade-in fg-preset fg-brad fg-preset-small fg-preset fg-brad fg-preset-small\" id=\"foogallery-gallery-328\" data-foogallery=\"{&quot;item&quot;:{&quot;showCaptionTitle&quot;:true,&quot;showCaptionDescription&quot;:true},&quot;lazy&quot;:true,&quot;template&quot;:{&quot;maxItems&quot;:5,&quot;scale&quot;:0.12,&quot;gutter&quot;:{&quot;min&quot;:-40,&quot;max&quot;:-20,&quot;unit&quot;:&quot;%&quot;},&quot;autoplay&quot;:{&quot;time&quot;:2,&quot;interaction&quot;:&quot;pause&quot;},&quot;centerOnClick&quot;:true,&quot;align&quot;:&quot;center&quot;,&quot;activePosition&quot;:&quot;center&quot;}}\" data-foogallery-lightbox=\"{&quot;thumbs&quot;:&quot;bottom&quot;,&quot;thumbsCaptions&quot;:true,&quot;thumbsBestFit&quot;:false,&quot;thumbsSmall&quot;:false,&quot;thumbsCaptionsAlign&quot;:&quot;default&quot;,&quot;info&quot;:&quot;bottom&quot;,&quot;infoVisible&quot;:false,&quot;infoOverlay&quot;:true,&quot;infoAlign&quot;:&quot;default&quot;,&quot;transition&quot;:&quot;fade&quot;,&quot;hoverButtons&quot;:false,&quot;fitMedia&quot;:false,&quot;noScrollbars&quot;:false,&quot;preserveButtonSpace&quot;:true,&quot;buttons&quot;:{&quot;fullscreen&quot;:true,&quot;info&quot;:true,&quot;thumbs&quot;:false},&quot;video&quot;:{&quot;autoPlay&quot;:true}}\" style=\"--fg-title-line-clamp: 1; --fg-description-line-clamp: 2;\" >\n\t<button type=\"button\" class=\"fg-carousel-prev\" title=\"Anterior\"><\/button>\n\t<div class=\"fg-carousel-inner\">\n\t\t<div class=\"fg-carousel-center\"><\/div>\n\t\t<div class=\"fg-item fg-type-image fg-idle\"><figure class=\"fg-item-inner\"><a href=\"https:\/\/cbpa.cl\/wordpress\/wp-content\/uploads\/2026\/01\/llegada-Carro-Ford-02-agosto1941-scaled.jpg\" data-caption-title=\"Llegada de Carro Ford en 1941\" data-attachment-id=\"224\" data-type=\"image\" class=\"fg-thumb\"><span class=\"fg-image-wrap\"><img decoding=\"async\" title=\"Llegada de Carro Ford en 1941\" width=\"200\" height=\"200\" class=\"skip-lazy fg-image\" data-src-fg=\"https:\/\/cbpa.cl\/wordpress\/wp-content\/uploads\/cache\/2026\/01\/llegada-Carro-Ford-02-agosto1941-scaled\/2772180243.jpg\" src=\"data:image\/svg+xml,%3Csvg%20xmlns%3D%22http%3A%2F%2Fwww.w3.org%2F2000%2Fsvg%22%20width%3D%22200%22%20height%3D%22200%22%20viewBox%3D%220%200%20200%20200%22%3E%3C%2Fsvg%3E\" loading=\"eager\"><\/span><span class=\"fg-image-overlay\"><\/span><\/a><figcaption class=\"fg-caption\"><div class=\"fg-caption-inner\"><div class=\"fg-caption-title\">Llegada de Carro Ford en 1941<\/div><\/div><\/figcaption><\/figure><div class=\"fg-loader\"><\/div><\/div><div class=\"fg-item fg-type-image fg-idle\"><figure class=\"fg-item-inner\"><a href=\"https:\/\/cbpa.cl\/wordpress\/wp-content\/uploads\/2026\/01\/1738000180444.jpg\" data-caption-title=\"Voluntarios de Segunda Compa\u00f1\u00eda\" data-attachment-id=\"226\" data-type=\"image\" class=\"fg-thumb\"><span class=\"fg-image-wrap\"><img decoding=\"async\" title=\"Voluntarios de Segunda Compa\u00f1\u00eda\" width=\"200\" height=\"200\" class=\"skip-lazy fg-image\" data-src-fg=\"https:\/\/cbpa.cl\/wordpress\/wp-content\/uploads\/cache\/2026\/01\/1738000180444\/1098289210.jpg\" src=\"data:image\/svg+xml,%3Csvg%20xmlns%3D%22http%3A%2F%2Fwww.w3.org%2F2000%2Fsvg%22%20width%3D%22200%22%20height%3D%22200%22%20viewBox%3D%220%200%20200%20200%22%3E%3C%2Fsvg%3E\" loading=\"eager\"><\/span><span class=\"fg-image-overlay\"><\/span><\/a><figcaption class=\"fg-caption\"><div class=\"fg-caption-inner\"><div class=\"fg-caption-title\">Voluntarios de Segunda Compa\u00f1\u00eda<\/div><\/div><\/figcaption><\/figure><div class=\"fg-loader\"><\/div><\/div><div class=\"fg-item fg-type-image fg-idle\"><figure class=\"fg-item-inner\"><a href=\"https:\/\/cbpa.cl\/wordpress\/wp-content\/uploads\/2026\/01\/Voluntarios-Posando-con-Carro-M.A.N.jpg\" data-caption-title=\"Voluntarios en Carro MAN\" data-attachment-id=\"223\" data-type=\"image\" class=\"fg-thumb\"><span class=\"fg-image-wrap\"><img decoding=\"async\" title=\"Voluntarios en Carro MAN\" width=\"200\" height=\"200\" class=\"skip-lazy fg-image\" data-src-fg=\"https:\/\/cbpa.cl\/wordpress\/wp-content\/uploads\/cache\/2026\/01\/Voluntarios-Posando-con-Carro-M_A_N\/681474097.jpg\" src=\"data:image\/svg+xml,%3Csvg%20xmlns%3D%22http%3A%2F%2Fwww.w3.org%2F2000%2Fsvg%22%20width%3D%22200%22%20height%3D%22200%22%20viewBox%3D%220%200%20200%20200%22%3E%3C%2Fsvg%3E\" loading=\"eager\"><\/span><span class=\"fg-image-overlay\"><\/span><\/a><figcaption class=\"fg-caption\"><div class=\"fg-caption-inner\"><div class=\"fg-caption-title\">Voluntarios en Carro MAN<\/div><\/div><\/figcaption><\/figure><div class=\"fg-loader\"><\/div><\/div><div class=\"fg-item fg-type-image fg-idle\"><figure class=\"fg-item-inner\"><a href=\"https:\/\/cbpa.cl\/wordpress\/wp-content\/uploads\/2026\/01\/Fotografia-Voluntarios-1929.jpg\" data-caption-title=\"Voluntarios en 1929\" data-attachment-id=\"194\" data-type=\"image\" class=\"fg-thumb\"><span class=\"fg-image-wrap\"><img decoding=\"async\" title=\"Voluntarios en 1929\" width=\"200\" height=\"200\" class=\"skip-lazy fg-image\" data-src-fg=\"https:\/\/cbpa.cl\/wordpress\/wp-content\/uploads\/cache\/2026\/01\/Fotografia-Voluntarios-1929\/3208034598.jpg\" src=\"data:image\/svg+xml,%3Csvg%20xmlns%3D%22http%3A%2F%2Fwww.w3.org%2F2000%2Fsvg%22%20width%3D%22200%22%20height%3D%22200%22%20viewBox%3D%220%200%20200%20200%22%3E%3C%2Fsvg%3E\" loading=\"eager\"><\/span><span class=\"fg-image-overlay\"><\/span><\/a><figcaption class=\"fg-caption\"><div class=\"fg-caption-inner\"><div class=\"fg-caption-title\">Voluntarios en 1929<\/div><\/div><\/figcaption><\/figure><div class=\"fg-loader\"><\/div><\/div><div class=\"fg-item fg-type-image fg-idle\"><figure class=\"fg-item-inner\"><a href=\"https:\/\/cbpa.cl\/wordpress\/wp-content\/uploads\/2026\/01\/NUESTRA-HISTORIA.jpg\" data-caption-title=\"Voluntarios de Segunda Compa\u00f1\u00eda\" data-attachment-id=\"327\" data-type=\"image\" class=\"fg-thumb\"><span class=\"fg-image-wrap\"><img decoding=\"async\" title=\"Voluntarios de Segunda Compa\u00f1\u00eda\" width=\"200\" height=\"200\" class=\"skip-lazy fg-image\" data-src-fg=\"https:\/\/cbpa.cl\/wordpress\/wp-content\/uploads\/cache\/2026\/01\/NUESTRA-HISTORIA\/2866174008.jpg\" src=\"data:image\/svg+xml,%3Csvg%20xmlns%3D%22http%3A%2F%2Fwww.w3.org%2F2000%2Fsvg%22%20width%3D%22200%22%20height%3D%22200%22%20viewBox%3D%220%200%20200%20200%22%3E%3C%2Fsvg%3E\" loading=\"eager\"><\/span><span class=\"fg-image-overlay\"><\/span><\/a><figcaption class=\"fg-caption\"><div class=\"fg-caption-inner\"><div class=\"fg-caption-title\">Voluntarios de Segunda Compa\u00f1\u00eda<\/div><\/div><\/figcaption><\/figure><div class=\"fg-loader\"><\/div><\/div><div class=\"fg-item fg-type-image fg-idle\"><figure class=\"fg-item-inner\"><a href=\"https:\/\/cbpa.cl\/wordpress\/wp-content\/uploads\/2026\/01\/29-09-1985.jpg\" data-caption-title=\"Voluntarios en 1985\" data-attachment-id=\"926\" data-type=\"image\" class=\"fg-thumb\"><span class=\"fg-image-wrap\"><img decoding=\"async\" title=\"Voluntarios en 1985\" width=\"200\" height=\"200\" class=\"skip-lazy fg-image\" data-src-fg=\"https:\/\/cbpa.cl\/wordpress\/wp-content\/uploads\/cache\/2026\/01\/29-09-1985\/2496072759.jpg\" src=\"data:image\/svg+xml,%3Csvg%20xmlns%3D%22http%3A%2F%2Fwww.w3.org%2F2000%2Fsvg%22%20width%3D%22200%22%20height%3D%22200%22%20viewBox%3D%220%200%20200%20200%22%3E%3C%2Fsvg%3E\" loading=\"eager\"><\/span><span class=\"fg-image-overlay\"><\/span><\/a><figcaption class=\"fg-caption\"><div class=\"fg-caption-inner\"><div class=\"fg-caption-title\">Voluntarios en 1985<\/div><\/div><\/figcaption><\/figure><div class=\"fg-loader\"><\/div><\/div><div class=\"fg-item fg-type-image fg-idle\"><figure class=\"fg-item-inner\"><a href=\"https:\/\/cbpa.cl\/wordpress\/wp-content\/uploads\/2026\/01\/Aniversario-de-Compania-1940-1.jpg\" data-caption-title=\"Aniversario en 1940\" data-attachment-id=\"927\" data-type=\"image\" class=\"fg-thumb\"><span class=\"fg-image-wrap\"><img decoding=\"async\" title=\"Aniversario en 1940\" width=\"200\" height=\"200\" class=\"skip-lazy fg-image\" data-src-fg=\"https:\/\/cbpa.cl\/wordpress\/wp-content\/uploads\/cache\/2026\/01\/Aniversario-de-Compania-1940-1\/3073726592.jpg\" src=\"data:image\/svg+xml,%3Csvg%20xmlns%3D%22http%3A%2F%2Fwww.w3.org%2F2000%2Fsvg%22%20width%3D%22200%22%20height%3D%22200%22%20viewBox%3D%220%200%20200%20200%22%3E%3C%2Fsvg%3E\" loading=\"eager\"><\/span><span class=\"fg-image-overlay\"><\/span><\/a><figcaption class=\"fg-caption\"><div class=\"fg-caption-inner\"><div class=\"fg-caption-title\">Aniversario en 1940<\/div><\/div><\/figcaption><\/figure><div class=\"fg-loader\"><\/div><\/div><div class=\"fg-item fg-type-image fg-idle\"><figure class=\"fg-item-inner\"><a href=\"https:\/\/cbpa.cl\/wordpress\/wp-content\/uploads\/2026\/01\/Bautizo-Carro-Ford-y-sus-Madrinas-1.jpg\" data-caption-title=\"Bautizo de Carro Ford y sus Madrinas\" data-attachment-id=\"928\" data-type=\"image\" class=\"fg-thumb\"><span class=\"fg-image-wrap\"><img decoding=\"async\" title=\"Bautizo de Carro Ford y sus Madrinas\" width=\"200\" height=\"200\" class=\"skip-lazy fg-image\" data-src-fg=\"https:\/\/cbpa.cl\/wordpress\/wp-content\/uploads\/cache\/2026\/01\/Bautizo-Carro-Ford-y-sus-Madrinas-1\/1012774804.jpg\" src=\"data:image\/svg+xml,%3Csvg%20xmlns%3D%22http%3A%2F%2Fwww.w3.org%2F2000%2Fsvg%22%20width%3D%22200%22%20height%3D%22200%22%20viewBox%3D%220%200%20200%20200%22%3E%3C%2Fsvg%3E\" loading=\"eager\"><\/span><span class=\"fg-image-overlay\"><\/span><\/a><figcaption class=\"fg-caption\"><div class=\"fg-caption-inner\"><div class=\"fg-caption-title\">Bautizo de Carro Ford y sus Madrinas<\/div><\/div><\/figcaption><\/figure><div class=\"fg-loader\"><\/div><\/div><div class=\"fg-item fg-type-image fg-idle\"><figure class=\"fg-item-inner\"><a href=\"https:\/\/cbpa.cl\/wordpress\/wp-content\/uploads\/2026\/01\/CBPA-1955.-1.jpg\" data-caption-title=\"Cuerpo de Bomberos Puente Alto 1955\" data-attachment-id=\"929\" data-type=\"image\" class=\"fg-thumb\"><span class=\"fg-image-wrap\"><img decoding=\"async\" title=\"Cuerpo de Bomberos Puente Alto 1955\" width=\"200\" height=\"200\" class=\"skip-lazy fg-image\" data-src-fg=\"https:\/\/cbpa.cl\/wordpress\/wp-content\/uploads\/cache\/2026\/01\/CBPA-1955_-1\/3916785665.jpg\" src=\"data:image\/svg+xml,%3Csvg%20xmlns%3D%22http%3A%2F%2Fwww.w3.org%2F2000%2Fsvg%22%20width%3D%22200%22%20height%3D%22200%22%20viewBox%3D%220%200%20200%20200%22%3E%3C%2Fsvg%3E\" loading=\"eager\"><\/span><span class=\"fg-image-overlay\"><\/span><\/a><figcaption class=\"fg-caption\"><div class=\"fg-caption-inner\"><div class=\"fg-caption-title\">Cuerpo de Bomberos Puente Alto 1955<\/div><\/div><\/figcaption><\/figure><div class=\"fg-loader\"><\/div><\/div><div class=\"fg-item fg-type-image fg-idle\"><figure class=\"fg-item-inner\"><a href=\"https:\/\/cbpa.cl\/wordpress\/wp-content\/uploads\/2026\/01\/Ejercicio-1954.jpg\" data-caption-title=\"Ejercicios en 1954\" data-attachment-id=\"930\" data-type=\"image\" class=\"fg-thumb\"><span class=\"fg-image-wrap\"><img decoding=\"async\" title=\"Ejercicios en 1954\" width=\"200\" height=\"200\" class=\"skip-lazy fg-image\" data-src-fg=\"https:\/\/cbpa.cl\/wordpress\/wp-content\/uploads\/cache\/2026\/01\/Ejercicio-1954\/2792204203.jpg\" src=\"data:image\/svg+xml,%3Csvg%20xmlns%3D%22http%3A%2F%2Fwww.w3.org%2F2000%2Fsvg%22%20width%3D%22200%22%20height%3D%22200%22%20viewBox%3D%220%200%20200%20200%22%3E%3C%2Fsvg%3E\" loading=\"eager\"><\/span><span class=\"fg-image-overlay\"><\/span><\/a><figcaption class=\"fg-caption\"><div class=\"fg-caption-inner\"><div class=\"fg-caption-title\">Ejercicios en 1954<\/div><\/div><\/figcaption><\/figure><div class=\"fg-loader\"><\/div><\/div><div class=\"fg-item fg-type-image fg-idle\"><figure class=\"fg-item-inner\"><a href=\"https:\/\/cbpa.cl\/wordpress\/wp-content\/uploads\/2026\/01\/Voluntarios-posando-con-Carro-Ford-rotated-e1769536990929.jpg\" data-caption-title=\"Voluntarios en Carro Ford\" data-attachment-id=\"220\" data-type=\"image\" class=\"fg-thumb\"><span class=\"fg-image-wrap\"><img decoding=\"async\" title=\"Voluntarios en Carro Ford\" width=\"200\" height=\"200\" class=\"skip-lazy fg-image\" data-src-fg=\"https:\/\/cbpa.cl\/wordpress\/wp-content\/uploads\/cache\/2026\/01\/Voluntarios-posando-con-Carro-Ford-rotated-e1769536990929\/574519549.jpg\" src=\"data:image\/svg+xml,%3Csvg%20xmlns%3D%22http%3A%2F%2Fwww.w3.org%2F2000%2Fsvg%22%20width%3D%22200%22%20height%3D%22200%22%20viewBox%3D%220%200%20200%20200%22%3E%3C%2Fsvg%3E\" loading=\"eager\"><\/span><span class=\"fg-image-overlay\"><\/span><\/a><figcaption class=\"fg-caption\"><div class=\"fg-caption-inner\"><div class=\"fg-caption-title\">Voluntarios en Carro Ford<\/div><\/div><\/figcaption><\/figure><div class=\"fg-loader\"><\/div><\/div>\t<\/div>\n\t<div class=\"fg-carousel-bottom\"><\/div>\n\t<div class=\"fg-carousel-progress\"><\/div>\n\t<button type=\"button\" class=\"fg-carousel-next\" title=\"Siguiente\"><\/button>\n<\/div><\/div><\/div>\n<\/div><\/div><\/div>\n\n\n\n<div class=\"wp-block-buttons alignwide is-content-justification-center is-layout-flex wp-container-core-buttons-is-layout-a89b3969 wp-block-buttons-is-layout-flex\">\n<div class=\"wp-block-button\"><a class=\"wp-block-button__link wp-element-button\" href=\"https:\/\/cbpa.cl\/index.php\/institucion\/\">Instituci\u00f3n<\/a><\/div>\n\n\n\n<div class=\"wp-block-button\"><a class=\"wp-block-button__link wp-element-button\" href=\"https:\/\/cbpa.cl\/index.php\/fundacion\/\">Fundaci\u00f3n<\/a><\/div>\n\n\n\n<div class=\"wp-block-button\"><a class=\"wp-block-button__link wp-element-button\" href=\"https:\/\/cbpa.cl\/index.php\/mision-y-vision\/\">Misi\u00f3n y Vision<\/a><\/div>\n\n\n\n<div class=\"wp-block-button\"><a class=\"wp-block-button__link wp-element-button\" href=\"https:\/\/cbpa.cl\/index.php\/nuestros-valores\/\">Nuestros Valores<\/a><\/div>\n\n\n\n<div class=\"wp-block-button\"><a class=\"wp-block-button__link wp-element-button\" href=\"https:\/\/cbpa.cl\/index.php\/unidad-simbolica\/\">Unidad Simb\u00f3lica<\/a><\/div>\n<\/div>\n","protected":false},"excerpt":{"rendered":"","protected":false},"author":1,"featured_media":0,"parent":0,"menu_order":0,"comment_status":"closed","ping_status":"closed","template":"","meta":{"footnotes":""},"class_list":["post-437","page","type-page","status-publish","hentry"],"magazineBlocksPostFeaturedMedia":{"thumbnail":false,"medium":false,"medium_large":false,"large":false,"1536x1536":false,"2048x2048":false},"magazineBlocksPostAuthor":{"name":"admin","avatar":"https:\/\/secure.gravatar.com\/avatar\/9655eddb6294cf7a6bcf0c63fbf1e0804e660cb95bbb849bcc096ef32fe0d87b?s=96&d=mm&r=g"},"magazineBlocksPostCommentsNumber":false,"magazineBlocksPostExcerpt":"","magazineBlocksPostCategories":[],"magazineBlocksPostViewCount":0,"magazineBlocksPostReadTime":2,"_links":{"self":[{"href":"https:\/\/cbpa.cl\/index.php\/wp-json\/wp\/v2\/pages\/437","targetHints":{"allow":["GET"]}}],"collection":[{"href":"https:\/\/cbpa.cl\/index.php\/wp-json\/wp\/v2\/pages"}],"about":[{"href":"https:\/\/cbpa.cl\/index.php\/wp-json\/wp\/v2\/types\/page"}],"author":[{"embeddable":true,"href":"https:\/\/cbpa.cl\/index.php\/wp-json\/wp\/v2\/users\/1"}],"replies":[{"embeddable":true,"href":"https:\/\/cbpa.cl\/index.php\/wp-json\/wp\/v2\/comments?post=437"}],"version-history":[{"count":0,"href":"https:\/\/cbpa.cl\/index.php\/wp-json\/wp\/v2\/pages\/437\/revisions"}],"wp:attachment":[{"href":"https:\/\/cbpa.cl\/index.php\/wp-json\/wp\/v2\/media?parent=437"}],"curies":[{"name":"wp","href":"https:\/\/api.w.org\/{rel}","templated":true}]}}