{"id":423,"date":"2026-01-23T00:19:12","date_gmt":"2026-01-23T00:19:12","guid":{"rendered":"https:\/\/cbpa.cl\/?page_id=423"},"modified":"2026-01-24T22:18:58","modified_gmt":"2026-01-24T22:18:58","slug":"institucion","status":"publish","type":"page","link":"https:\/\/cbpa.cl\/index.php\/institucion\/","title":{"rendered":"Instituci\u00f3n"},"content":{"rendered":"\n<div class=\"alignwide mzb-section mzb-section-c89d1fcf alignwide\"><div class=\"mzb-container\"><div class=\"mzb-section-inner is-horizontal justify-center align-center\">\n<div class=\"mzb-column mzb-column-e24bdac1\"><div class=\"mzb-column-inner\">\n<p class=\"mzb-paragraph mzb-paragraph-640eb7ee\">En el Cuerpo de Bombero Puente Alto, nos dedicamos a salvaguardar la vida y los bienes de nuestra comunidad con un compromiso inquebrantable. Durante los a\u00f1os, nuestra instituci\u00f3n ha demostrado una capacidad de respuesta admirable, enfrentando desde incendios estructurales hasta rescates de alta complejidad con el profesionalismo que nos caracteriza.<br>Entendemos que la seguridad de nuestros vecinos requiere una evoluci\u00f3n constante. Por ello, mantenemos un proceso activo de <strong>modernizaci\u00f3n de equipamiento e inversi\u00f3n en nuevas tecnolog\u00edas<\/strong>. Creemos firmemente que la eficacia operativa nace de la preparaci\u00f3n, por lo que la capacitaci\u00f3n es el pilar fundamental de nuestra gesti\u00f3n.<br><\/p>\n<\/div><\/div>\n<\/div><\/div><\/div>\n\n\n\n<div class=\"alignwide mzb-section mzb-section-b13e0d10 alignwide\"><div class=\"mzb-container\"><div class=\"mzb-section-inner is-horizontal justify-center align-center\">\n<div class=\"mzb-column mzb-column-41c645d0\"><div class=\"mzb-column-inner\">\n<figure class=\"mzb-image mzb-image-8baaf1da\"><img loading=\"lazy\" decoding=\"async\" class=\"wp-image-427 hover-effect-static filter-none mask mask-none\" src=\"https:\/\/cbpa.cl\/wordpress\/wp-content\/uploads\/2026\/01\/Banner-Comandancia-baja.jpg\" alt=\"\" height=\"720\" width=\"1080\" srcset=\"https:\/\/cbpa.cl\/wordpress\/wp-content\/uploads\/2026\/01\/Banner-Comandancia-baja.jpg 1080w, https:\/\/cbpa.cl\/wordpress\/wp-content\/uploads\/2026\/01\/Banner-Comandancia-baja-300x200.jpg 300w, https:\/\/cbpa.cl\/wordpress\/wp-content\/uploads\/2026\/01\/Banner-Comandancia-baja-1024x683.jpg 1024w, https:\/\/cbpa.cl\/wordpress\/wp-content\/uploads\/2026\/01\/Banner-Comandancia-baja-768x512.jpg 768w\" sizes=\"auto, (max-width: 1080px) 100vw, 1080px\" \/><figcaption><em>Comandante del Cuerpo de Bomberos Puente Alto.<\/em><\/figcaption><\/figure>\n<\/div><\/div>\n\n\n\n<div class=\"mzb-column mzb-column-541badab\"><div class=\"mzb-column-inner\">\n<figure class=\"mzb-image mzb-image-5b3a1305\"><img loading=\"lazy\" decoding=\"async\" class=\"wp-image-291 hover-effect-static filter-none mask mask-none\" src=\"https:\/\/cbpa.cl\/wordpress\/wp-content\/uploads\/2026\/01\/CBPA-FORMACION.jpg\" alt=\"\" height=\"720\" width=\"1080\" srcset=\"https:\/\/cbpa.cl\/wordpress\/wp-content\/uploads\/2026\/01\/CBPA-FORMACION.jpg 1080w, https:\/\/cbpa.cl\/wordpress\/wp-content\/uploads\/2026\/01\/CBPA-FORMACION-300x200.jpg 300w, https:\/\/cbpa.cl\/wordpress\/wp-content\/uploads\/2026\/01\/CBPA-FORMACION-1024x683.jpg 1024w, https:\/\/cbpa.cl\/wordpress\/wp-content\/uploads\/2026\/01\/CBPA-FORMACION-768x512.jpg 768w\" sizes=\"auto, (max-width: 1080px) 100vw, 1080px\" \/><figcaption><em>Formaci\u00f3n del Cuerpo de Bomberos Puente Alto, 2025.<\/em><\/figcaption><\/figure>\n<\/div><\/div>\n<\/div><\/div><\/div>\n\n\n\n<div class=\"wp-block-buttons alignwide is-content-justification-center is-layout-flex wp-container-core-buttons-is-layout-a89b3969 wp-block-buttons-is-layout-flex\">\n<div class=\"wp-block-button\"><a class=\"wp-block-button__link wp-element-button\" href=\"https:\/\/cbpa.cl\/index.php\/nuestra-historia\/\">Nuestra Historia<\/a><\/div>\n\n\n\n<div class=\"wp-block-button\"><a class=\"wp-block-button__link wp-element-button\" href=\"https:\/\/cbpa.cl\/index.php\/fundacion\/\">Fundaci\u00f3n<\/a><\/div>\n\n\n\n<div class=\"wp-block-button\"><a class=\"wp-block-button__link wp-element-button\" href=\"https:\/\/cbpa.cl\/index.php\/mision-y-vision\/\">Misi\u00f3n y Visi\u00f3n<\/a><\/div>\n\n\n\n<div class=\"wp-block-button\"><a class=\"wp-block-button__link wp-element-button\" href=\"https:\/\/cbpa.cl\/index.php\/nuestros-valores\/\">Nuestros Valores<\/a><\/div>\n\n\n\n<div class=\"wp-block-button\"><a class=\"wp-block-button__link wp-element-button\" href=\"https:\/\/cbpa.cl\/index.php\/unidad-simbolica\/\">Unidad Simb\u00f3lica<\/a><\/div>\n<\/div>\n","protected":false},"excerpt":{"rendered":"","protected":false},"author":1,"featured_media":0,"parent":0,"menu_order":0,"comment_status":"closed","ping_status":"closed","template":"","meta":{"footnotes":""},"class_list":["post-423","page","type-page","status-publish","hentry"],"magazineBlocksPostFeaturedMedia":{"thumbnail":false,"medium":false,"medium_large":false,"large":false,"1536x1536":false,"2048x2048":false},"magazineBlocksPostAuthor":{"name":"admin","avatar":"https:\/\/secure.gravatar.com\/avatar\/9655eddb6294cf7a6bcf0c63fbf1e0804e660cb95bbb849bcc096ef32fe0d87b?s=96&d=mm&r=g"},"magazineBlocksPostCommentsNumber":false,"magazineBlocksPostExcerpt":"","magazineBlocksPostCategories":[],"magazineBlocksPostViewCount":0,"magazineBlocksPostReadTime":1,"_links":{"self":[{"href":"https:\/\/cbpa.cl\/index.php\/wp-json\/wp\/v2\/pages\/423","targetHints":{"allow":["GET"]}}],"collection":[{"href":"https:\/\/cbpa.cl\/index.php\/wp-json\/wp\/v2\/pages"}],"about":[{"href":"https:\/\/cbpa.cl\/index.php\/wp-json\/wp\/v2\/types\/page"}],"author":[{"embeddable":true,"href":"https:\/\/cbpa.cl\/index.php\/wp-json\/wp\/v2\/users\/1"}],"replies":[{"embeddable":true,"href":"https:\/\/cbpa.cl\/index.php\/wp-json\/wp\/v2\/comments?post=423"}],"version-history":[{"count":0,"href":"https:\/\/cbpa.cl\/index.php\/wp-json\/wp\/v2\/pages\/423\/revisions"}],"wp:attachment":[{"href":"https:\/\/cbpa.cl\/index.php\/wp-json\/wp\/v2\/media?parent=423"}],"curies":[{"name":"wp","href":"https:\/\/api.w.org\/{rel}","templated":true}]}}