{"id":387,"date":"2026-01-23T00:19:39","date_gmt":"2026-01-23T00:19:39","guid":{"rendered":"https:\/\/cbpa.cl\/?page_id=387"},"modified":"2026-01-25T22:34:26","modified_gmt":"2026-01-25T22:34:26","slug":"nuestros-valores","status":"publish","type":"page","link":"https:\/\/cbpa.cl\/index.php\/nuestros-valores\/","title":{"rendered":"Nuestros Valores"},"content":{"rendered":"\n<div class=\"alignwide mzb-section mzb-section-c76ddb97 alignwide\"><div class=\"mzb-container\"><div class=\"mzb-section-inner is-horizontal justify-center align-center\">\n<div class=\"mzb-column mzb-column-35136e13\"><div class=\"mzb-column-inner\">\n<p class=\"mzb-paragraph mzb-paragraph-61885ac8\">El Cuerpo de Bomberos de Puente Alto se gu\u00eda por una serie de valores fundamentales que orientan nuestras acciones y decisiones:<br><br><strong>HONOR<\/strong>: Se refiere a cumplir con los deberes propios como tambi\u00e9n respecto al pr\u00f3jimo. Se\u00a0 centra en el concepto m\u00e1s \u00edntimo y alto de la dignidad de la persona.<br><strong>LEALTAD<\/strong>: Somos fieles, ver\u00eddicos y fidedignos. No existen las defensas corporativas. Debemos saber cuidar la instituci\u00f3n, pero no a costa de convertirnos en c\u00f3mplices de lo incorrecto.<br><strong>DISCIPLINA<\/strong>: Es la aceptaci\u00f3n libre y voluntaria de cumplir cabalmente las obligaciones en todo \u00e1mbito.<br><strong>VALOR<\/strong>: Fuerza de voluntad que posee una persona para cumplir con su deber a pesar de los miedos o impedimentos.<br><strong>TOLERANCIA<\/strong>: Respeto a las ideas, creencias o pr\u00e1cticas de los dem\u00e1s cuando son diferentes o contrarias a las propias.<br><strong>C\u00cdVICA<\/strong>: Nacimos del seno de la comunidad, por lo tanto a ella nos debemos. Vivimos en la conducta c\u00edvica, del respeto por la diferencia, lo distinto no es el enemigo.<br><strong>RESPETO A LAS PERSONAS, TRADICIONES E INSTITUCIONES<\/strong>: Las personas van generando un acervo que rescatamos y nos esforzamos por mantener vigente. Las tradiciones son evocaciones del pasado que nos recuerdan nuestros or\u00edgenes y nos obligan a tener presente lo que somos: sin tradici\u00f3n no hay historia, no hay identidad, no hay sentido.<br><\/p>\n<\/div><\/div>\n<\/div><\/div><\/div>\n\n\n\n<div class=\"alignwide mzb-section mzb-section-86179bea alignwide\"><div class=\"mzb-container\"><div class=\"mzb-section-inner is-horizontal justify-center align-center\">\n<div class=\"mzb-column mzb-column-02080774\"><div class=\"mzb-column-inner\">\n<figure class=\"mzb-image mzb-image-3b2fd8f0\"><img loading=\"lazy\" decoding=\"async\" class=\"wp-image-420 hover-effect-static filter-none mask mask-none\" src=\"https:\/\/cbpa.cl\/wordpress\/wp-content\/uploads\/2026\/01\/Inicio-de-sesion-baja.jpg\" alt=\"\" height=\"720\" width=\"1080\" srcset=\"https:\/\/cbpa.cl\/wordpress\/wp-content\/uploads\/2026\/01\/Inicio-de-sesion-baja.jpg 1080w, https:\/\/cbpa.cl\/wordpress\/wp-content\/uploads\/2026\/01\/Inicio-de-sesion-baja-300x200.jpg 300w, https:\/\/cbpa.cl\/wordpress\/wp-content\/uploads\/2026\/01\/Inicio-de-sesion-baja-1024x683.jpg 1024w, https:\/\/cbpa.cl\/wordpress\/wp-content\/uploads\/2026\/01\/Inicio-de-sesion-baja-768x512.jpg 768w\" sizes=\"auto, (max-width: 1080px) 100vw, 1080px\" \/><figcaption><em>Voluntario de Bomberos Puente Alto.<\/em><\/figcaption><\/figure>\n<\/div><\/div>\n\n\n\n<div class=\"mzb-column mzb-column-e6e35483\"><div class=\"mzb-column-inner\">\n<figure class=\"mzb-image mzb-image-894cafab\"><img loading=\"lazy\" decoding=\"async\" class=\"wp-image-343 hover-effect-static filter-none mask mask-none\" src=\"https:\/\/cbpa.cl\/wordpress\/wp-content\/uploads\/2026\/01\/DSC_0440.jpg\" alt=\"\" height=\"720\" width=\"1080\" srcset=\"https:\/\/cbpa.cl\/wordpress\/wp-content\/uploads\/2026\/01\/DSC_0440.jpg 1080w, https:\/\/cbpa.cl\/wordpress\/wp-content\/uploads\/2026\/01\/DSC_0440-300x200.jpg 300w, https:\/\/cbpa.cl\/wordpress\/wp-content\/uploads\/2026\/01\/DSC_0440-1024x683.jpg 1024w, https:\/\/cbpa.cl\/wordpress\/wp-content\/uploads\/2026\/01\/DSC_0440-768x512.jpg 768w\" sizes=\"auto, (max-width: 1080px) 100vw, 1080px\" \/><figcaption><em>Voluntarios de Bomberos Puente Alto.<\/em><\/figcaption><\/figure>\n<\/div><\/div>\n<\/div><\/div><\/div>\n\n\n\n<div class=\"wp-block-buttons alignwide is-content-justification-center is-layout-flex wp-container-core-buttons-is-layout-a89b3969 wp-block-buttons-is-layout-flex\">\n<div class=\"wp-block-button\"><a class=\"wp-block-button__link wp-element-button\" href=\"https:\/\/cbpa.cl\/index.php\/institucion\/\">Instituci\u00f3n<\/a><\/div>\n\n\n\n<div class=\"wp-block-button\"><a class=\"wp-block-button__link wp-element-button\" href=\"https:\/\/cbpa.cl\/index.php\/nuestra-historia-2\/\">Nuestra Historia<\/a><\/div>\n\n\n\n<div class=\"wp-block-button\"><a class=\"wp-block-button__link wp-element-button\" href=\"https:\/\/cbpa.cl\/index.php\/fundacion\/\">Fundaci\u00f3n<\/a><\/div>\n\n\n\n<div class=\"wp-block-button\"><a class=\"wp-block-button__link wp-element-button\" href=\"https:\/\/cbpa.cl\/index.php\/mision-y-vision\/\">Misi\u00f3n y Visi\u00f3n<\/a><\/div>\n\n\n\n<div class=\"wp-block-button\"><a class=\"wp-block-button__link wp-element-button\" href=\"https:\/\/cbpa.cl\/index.php\/unidad-simbolica\/\">Unidad Simb\u00f3lica<\/a><\/div>\n<\/div>\n\n\n\n<p><\/p>\n","protected":false},"excerpt":{"rendered":"","protected":false},"author":1,"featured_media":0,"parent":0,"menu_order":0,"comment_status":"closed","ping_status":"closed","template":"","meta":{"footnotes":""},"class_list":["post-387","page","type-page","status-publish","hentry"],"magazineBlocksPostFeaturedMedia":{"thumbnail":false,"medium":false,"medium_large":false,"large":false,"1536x1536":false,"2048x2048":false},"magazineBlocksPostAuthor":{"name":"admin","avatar":"https:\/\/secure.gravatar.com\/avatar\/9655eddb6294cf7a6bcf0c63fbf1e0804e660cb95bbb849bcc096ef32fe0d87b?s=96&d=mm&r=g"},"magazineBlocksPostCommentsNumber":false,"magazineBlocksPostExcerpt":"","magazineBlocksPostCategories":[],"magazineBlocksPostViewCount":0,"magazineBlocksPostReadTime":2,"_links":{"self":[{"href":"https:\/\/cbpa.cl\/index.php\/wp-json\/wp\/v2\/pages\/387","targetHints":{"allow":["GET"]}}],"collection":[{"href":"https:\/\/cbpa.cl\/index.php\/wp-json\/wp\/v2\/pages"}],"about":[{"href":"https:\/\/cbpa.cl\/index.php\/wp-json\/wp\/v2\/types\/page"}],"author":[{"embeddable":true,"href":"https:\/\/cbpa.cl\/index.php\/wp-json\/wp\/v2\/users\/1"}],"replies":[{"embeddable":true,"href":"https:\/\/cbpa.cl\/index.php\/wp-json\/wp\/v2\/comments?post=387"}],"version-history":[{"count":0,"href":"https:\/\/cbpa.cl\/index.php\/wp-json\/wp\/v2\/pages\/387\/revisions"}],"wp:attachment":[{"href":"https:\/\/cbpa.cl\/index.php\/wp-json\/wp\/v2\/media?parent=387"}],"curies":[{"name":"wp","href":"https:\/\/api.w.org\/{rel}","templated":true}]}}