{"id":1440,"date":"2026-04-03T03:55:06","date_gmt":"2026-04-03T03:55:06","guid":{"rendered":"https:\/\/cbpa.cl\/?page_id=1440"},"modified":"2026-04-03T13:08:04","modified_gmt":"2026-04-03T13:08:04","slug":"historia-de-bomberos-en-100-palabras","status":"publish","type":"page","link":"https:\/\/cbpa.cl\/index.php\/historia-de-bomberos-en-100-palabras\/","title":{"rendered":"Historia de Bomberos en 100 palabras"},"content":{"rendered":"\n<div class=\"alignwide mzb-section mzb-section-dc2ba23b alignwide\"><div class=\"mzb-container\"><div class=\"mzb-section-inner is-horizontal justify-center align-center\">\n<div class=\"mzb-column mzb-column-f973ef1d\"><div class=\"mzb-column-inner\">\n<p class=\"mzb-paragraph mzb-paragraph-797f33c9\">El Cuerpo de Bomberos de Puente Alto abre la convocatoria al concurso \u201cHistoria de Bomberos en 100 Palabras\u201d, una instancia que invita a la comunidad a compartir relatos reales inspirados en experiencias vinculadas a la labor bomberil en la comuna. <br><br>Cada participante podr\u00e1 enviar hasta tres historias, con un m\u00e1ximo de 100 palabras cada una, en formato digital o de manera presencial.<br><br>Las postulaciones estar\u00e1n abiertas hasta el 30 de junio de 2026 a las 17:30 horas, y los resultados se dar\u00e1n a conocer el 19 de julio de 2026 a trav\u00e9s de la web institucional. Los tres primeros lugares ser\u00e1n reconocidos con atractivos premios, destacando un Kindle, aud\u00edfonos Beats y una pluma bol\u00edgrafo.<\/p>\n<\/div><\/div>\n<\/div><\/div><\/div>\n\n\n\n<div class=\"alignwide mzb-section mzb-section-cdb5d9e0 alignwide\"><div class=\"mzb-container\"><div class=\"mzb-section-inner is-horizontal justify-center align-center\">\n<div class=\"mzb-column mzb-column-86043c5c\"><div class=\"mzb-column-inner\">\n<div class=\"wp-block-file\"><a id=\"wp-block-file--media-1525f020-5579-4787-b7cf-ccb9b4d45fc3\" href=\"https:\/\/cbpa.cl\/wordpress\/wp-content\/uploads\/2026\/04\/BASES-BOMBEROS-EN-100-PALABRAS.docx\">BASES BOMBEROS EN 100 PALABRAS<\/a><a href=\"https:\/\/cbpa.cl\/wordpress\/wp-content\/uploads\/2026\/04\/BASES-BOMBEROS-EN-100-PALABRAS.docx\" class=\"wp-block-file__button wp-element-button\" download aria-describedby=\"wp-block-file--media-1525f020-5579-4787-b7cf-ccb9b4d45fc3\">Descarga<\/a><\/div>\n<\/div><\/div>\n<\/div><\/div><\/div>\n","protected":false},"excerpt":{"rendered":"","protected":false},"author":1,"featured_media":0,"parent":0,"menu_order":0,"comment_status":"closed","ping_status":"closed","template":"","meta":{"footnotes":""},"class_list":["post-1440","page","type-page","status-publish","hentry"],"magazineBlocksPostFeaturedMedia":{"thumbnail":false,"medium":false,"medium_large":false,"large":false,"1536x1536":false,"2048x2048":false},"magazineBlocksPostAuthor":{"name":"admin","avatar":"https:\/\/secure.gravatar.com\/avatar\/9655eddb6294cf7a6bcf0c63fbf1e0804e660cb95bbb849bcc096ef32fe0d87b?s=96&d=mm&r=g"},"magazineBlocksPostCommentsNumber":false,"magazineBlocksPostExcerpt":"","magazineBlocksPostCategories":[],"magazineBlocksPostViewCount":0,"magazineBlocksPostReadTime":1,"_links":{"self":[{"href":"https:\/\/cbpa.cl\/index.php\/wp-json\/wp\/v2\/pages\/1440","targetHints":{"allow":["GET"]}}],"collection":[{"href":"https:\/\/cbpa.cl\/index.php\/wp-json\/wp\/v2\/pages"}],"about":[{"href":"https:\/\/cbpa.cl\/index.php\/wp-json\/wp\/v2\/types\/page"}],"author":[{"embeddable":true,"href":"https:\/\/cbpa.cl\/index.php\/wp-json\/wp\/v2\/users\/1"}],"replies":[{"embeddable":true,"href":"https:\/\/cbpa.cl\/index.php\/wp-json\/wp\/v2\/comments?post=1440"}],"version-history":[{"count":2,"href":"https:\/\/cbpa.cl\/index.php\/wp-json\/wp\/v2\/pages\/1440\/revisions"}],"predecessor-version":[{"id":1447,"href":"https:\/\/cbpa.cl\/index.php\/wp-json\/wp\/v2\/pages\/1440\/revisions\/1447"}],"wp:attachment":[{"href":"https:\/\/cbpa.cl\/index.php\/wp-json\/wp\/v2\/media?parent=1440"}],"curies":[{"name":"wp","href":"https:\/\/api.w.org\/{rel}","templated":true}]}}