{"id":1436,"date":"2026-04-03T03:45:42","date_gmt":"2026-04-03T03:45:42","guid":{"rendered":"https:\/\/cbpa.cl\/?page_id=1436"},"modified":"2026-04-03T03:46:31","modified_gmt":"2026-04-03T03:46:31","slug":"concurso-logo-90-aniversario-cbpa","status":"publish","type":"page","link":"https:\/\/cbpa.cl\/index.php\/concurso-logo-90-aniversario-cbpa\/","title":{"rendered":"Concurso Logo 90\u00b0 Aniversario CBPA"},"content":{"rendered":"\n<div class=\"alignwide mzb-section mzb-section-b3e8636f alignwide\"><div class=\"mzb-container\"><div class=\"mzb-section-inner is-horizontal justify-center align-center\">\n<div class=\"mzb-column mzb-column-0bad3893\"><div class=\"mzb-column-inner\">\n<p class=\"mzb-paragraph mzb-paragraph-4f9309c3\">En el marco de la conmemoraci\u00f3n de sus 90 a\u00f1os de historia, el Cuerpo de Bomberos de Puente Alto presenta las siguientes bases del concurso para el dise\u00f1o de su nuevo logotipo institucional. Esta convocatoria tiene como prop\u00f3sito invitar a la comunidad a ser parte activa de este hito, aportando con propuestas creativas que reflejen la identidad, valores y trayectoria de la instituci\u00f3n.<br><br>A trav\u00e9s de este concurso, se busca seleccionar una imagen que no solo represente el legado de Bomberos de Puente Alto, sino que tambi\u00e9n proyecte su esp\u00edritu hacia el futuro, consolid\u00e1ndose como un s\u00edmbolo oficial en sus distintas plataformas y comunicaciones. Estas bases establecen las condiciones de participaci\u00f3n, requisitos t\u00e9cnicos, criterios de evaluaci\u00f3n y premios, asegurando un proceso transparente, inclusivo y abierto a todo p\u00fablico.<\/p>\n<\/div><\/div>\n<\/div><\/div><\/div>\n\n\n\n<div class=\"wp-block-file\"><a id=\"wp-block-file--media-afaec845-d087-44fc-bb34-8e0f9f3a32ae\" href=\"https:\/\/cbpa.cl\/wordpress\/wp-content\/uploads\/2026\/04\/BASES-CONCURSO-logo-institucional.docx\">BASES CONCURSO logo institucional<\/a><a href=\"https:\/\/cbpa.cl\/wordpress\/wp-content\/uploads\/2026\/04\/BASES-CONCURSO-logo-institucional.docx\" class=\"wp-block-file__button wp-element-button\" download aria-describedby=\"wp-block-file--media-afaec845-d087-44fc-bb34-8e0f9f3a32ae\">Descarga<\/a><\/div>\n\n\n\n<p><\/p>\n","protected":false},"excerpt":{"rendered":"","protected":false},"author":1,"featured_media":0,"parent":0,"menu_order":0,"comment_status":"closed","ping_status":"closed","template":"","meta":{"footnotes":""},"class_list":["post-1436","page","type-page","status-publish","hentry"],"magazineBlocksPostFeaturedMedia":{"thumbnail":false,"medium":false,"medium_large":false,"large":false,"1536x1536":false,"2048x2048":false},"magazineBlocksPostAuthor":{"name":"admin","avatar":"https:\/\/secure.gravatar.com\/avatar\/9655eddb6294cf7a6bcf0c63fbf1e0804e660cb95bbb849bcc096ef32fe0d87b?s=96&d=mm&r=g"},"magazineBlocksPostCommentsNumber":false,"magazineBlocksPostExcerpt":"","magazineBlocksPostCategories":[],"magazineBlocksPostViewCount":0,"magazineBlocksPostReadTime":1,"_links":{"self":[{"href":"https:\/\/cbpa.cl\/index.php\/wp-json\/wp\/v2\/pages\/1436","targetHints":{"allow":["GET"]}}],"collection":[{"href":"https:\/\/cbpa.cl\/index.php\/wp-json\/wp\/v2\/pages"}],"about":[{"href":"https:\/\/cbpa.cl\/index.php\/wp-json\/wp\/v2\/types\/page"}],"author":[{"embeddable":true,"href":"https:\/\/cbpa.cl\/index.php\/wp-json\/wp\/v2\/users\/1"}],"replies":[{"embeddable":true,"href":"https:\/\/cbpa.cl\/index.php\/wp-json\/wp\/v2\/comments?post=1436"}],"version-history":[{"count":2,"href":"https:\/\/cbpa.cl\/index.php\/wp-json\/wp\/v2\/pages\/1436\/revisions"}],"predecessor-version":[{"id":1439,"href":"https:\/\/cbpa.cl\/index.php\/wp-json\/wp\/v2\/pages\/1436\/revisions\/1439"}],"wp:attachment":[{"href":"https:\/\/cbpa.cl\/index.php\/wp-json\/wp\/v2\/media?parent=1436"}],"curies":[{"name":"wp","href":"https:\/\/api.w.org\/{rel}","templated":true}]}}